{"id":406,"date":"2021-03-16T13:40:05","date_gmt":"2021-03-16T12:40:05","guid":{"rendered":"https:\/\/biz.prawko.pl\/portal\/?page_id=406"},"modified":"2025-08-26T13:54:13","modified_gmt":"2025-08-26T11:54:13","slug":"regulamin","status":"publish","type":"page","link":"https:\/\/biz.prawko.pl\/portal\/regulamin\/","title":{"rendered":"Regulamin"},"content":{"rendered":"\n<section class=\"wp-block-uagb-section uagb-section__wrap uagb-section__background-undefined uagb-block-528da89f\"><div class=\"uagb-section__overlay\"><\/div><div class=\"uagb-section__inner-wrap\">\n<p><strong>I. Postanowienia og\u00f3lne<\/strong><\/p>\n\n\n\n<ol class=\"wp-block-list\">\n<li>Serwis internetowy biz.prawko.pl, zwany dalej \u201eSerwisem\u201d, jest udost\u0119pniany pod adresem https:\/\/biz.prawko.pl\/ przez e-kierowca Sp. z o.o. Sp. k. z siedzib\u0105 w Szczecinie, ul. Mieszka I 31, 71-011 Szczecin, KRS: 0000385224, NIP:852-25-88-278, REGON: 320996032, zwan\u0105 dalej Operatorem.<\/li>\n\n\n\n<li>W ramach Serwisu Operator \u015bwiadczy us\u0142ugi obejmuj\u0105ce co najmniej \u201eTesty + Kurs\u201d, wyszukiwark\u0119 OSK oraz blog, zwane dalej \u0142\u0105cznie \u201eUs\u0142ugami\u201d.<\/li>\n\n\n\n<li>Przed skorzystaniem z Serwisu nale\u017cy przeczyta\u0107 niniejszy regulamin. Korzystaj\u0105c z serwisu U\u017cytkownik potwierdza, \u017ce zapozna\u0142 si\u0119 z tre\u015bci\u0105 regulaminu, zgadza si\u0119 ze wszystkimi jego postanowieniami i zobowi\u0105zuje si\u0119 go przestrzega\u0107.<\/li>\n<\/ol>\n\n\n\n<p><strong>II. Us\u0142ugi<\/strong><\/p>\n\n\n\n<p>Us\u0142ugi, s\u0105 udost\u0119pniane w postaci dost\u0119pu on-line do narz\u0119dzi administracyjnych oraz tre\u015bci zwi\u0105zanych z szeroko poj\u0119t\u0105 motoryzacj\u0105, kszta\u0142ceniem kierowc\u00f3w i transportem i przeznaczonych dla os\u00f3b chc\u0105cych z nich skorzysta\u0107, zwanych dalej U\u017cytkownikami. Us\u0142ugi s\u0105 \u015bwiadczone w postaci odr\u0119bnych us\u0142ug lub us\u0142ug modu\u0142owych mog\u0105cych r\u00f3\u017cni\u0107 si\u0119 tre\u015bciami i cen\u0105. Zmiana zawarto\u015bci us\u0142ugi lub modu\u0142u w ramach us\u0142ugi w szczeg\u00f3lno\u015bci zwi\u0105zana z aktualizacj\u0105 tre\u015bci, niepowoduj\u0105ca zmniejszenia jego funkcjonalno\u015bci i przydatno\u015bci produktu do pierwotnego celu, nie stanowi zmiany umowy. Us\u0142ugi mog\u0105 by\u0107 udost\u0119pnianie za po\u015brednictwem Serwisu przez podmioty zewn\u0119trzne. W takim przypadku informacja o podmiocie udost\u0119pniaj\u0105cym dan\u0105 Us\u0142ug\u0119, regulaminie jej \u015bwiadczenia i polityce prywatno\u015bci dostawcy jest podawana w opisie Us\u0142ugi. Uruchomienie takiej Us\u0142ugi stanowi akceptacj\u0119 zar\u00f3wno Regulaminu jak i regulaminu i polityki prywatno\u015bci zewn\u0119trznego dostawcy.<\/p>\n\n\n\n<p><strong>III. Postanowienia dotycz\u0105ce zawierania um\u00f3w<\/strong><\/p>\n\n\n\n<ol class=\"wp-block-list\">\n<li>Zawarcie umowy o \u015bwiadczenie Us\u0142ugi odbywa si\u0119 poprzez wype\u0142nienie przez U\u017cytkownika na stronie internetowej Us\u0142ugi formularza zg\u0142oszeniowego.<\/li>\n\n\n\n<li>Umowa jest zawierana na czas oznaczony wynikaj\u0105cy z wysoko\u015bci op\u0142aty zadeklarowanej i wp\u0142aconej przez U\u017cytkownika.<\/li>\n\n\n\n<li>U\u017cytkownik nie ma prawa dalszego udost\u0119pniania Us\u0142ugi na rzecz os\u00f3b trzecich.<\/li>\n\n\n\n<li>Rozwi\u0105zanie umowy nast\u0119puje:\n<ol class=\"wp-block-list\">\n<li>poprzez o\u015bwiadczenie woli o rozwi\u0105zaniu w trybie natychmiastowym w przypadku z\u0142amania przez U\u017cytkownika postanowie\u0144 regulaminu; Operator przesy\u0142a o\u015bwiadczenie woli na adres poczty elektronicznej U\u017cytkownika wskazany przez U\u017cytkownika w formularzu zg\u0142oszeniowym;<\/li>\n\n\n\n<li>w przypadku podania przez U\u017cytkownika nieprawdziwych danych do umowy;<\/li>\n\n\n\n<li>w przypadku trwa\u0142ej niemo\u017cno\u015bci \u015bwiadczenia Us\u0142ugi z przyczyn niezale\u017cnych od Operatora.<\/li>\n<\/ol>\n<\/li>\n\n\n\n<li>W przypadkach, o kt\u00f3rych mowa w ust. 4 lit. a i b a tak\u017ce lit. c, je\u017celi przyczyna uniemo\u017cliwiaj\u0105ca \u015bwiadczenie us\u0142ugi le\u017cy po stronie U\u017cytkownika, uiszczona op\u0142ata nie podlega zwrotowi.<\/li>\n\n\n\n<li>U\u017cytkownik zawiera umow\u0119 \u015bwiadomy wymienionych w rozdz. IX wy\u0142\u0105cze\u0144 ustawowego prawa do odst\u0105pienia od umowy.<\/li>\n<\/ol>\n\n\n\n<p><strong>IV. Prawa, obowi\u0105zki i odpowiedzialno\u015b\u0107 Operatora<\/strong><\/p>\n\n\n\n<ol class=\"wp-block-list\">\n<li>Operator zastrzega sobie prawo do dokonywania przerw konserwacyjnych z zastrze\u017ceniem ust. 3.<\/li>\n\n\n\n<li>Operator zastrzega sobie prawo do zawieszenia \u015bwiadczenia Us\u0142ugi w przypadku wykorzystywania jej do cel\u00f3w niezgodnych z obowi\u0105zuj\u0105cym prawem lub niezgodnie z umow\u0105.<\/li>\n\n\n\n<li>Operator zobowi\u0105zuje si\u0119 do utrzymywania sprawno\u015bci technicznej Us\u0142ugi na poziomie 95% we wszystkie dni tygodnia w godzinach od 6:00 do 22:00.<\/li>\n\n\n\n<li>Operator zobowi\u0105zuje si\u0119 do zachowania w tajemnicy has\u0142a dost\u0119pu do Us\u0142ugi oraz wykorzystania wprowadzonych przez U\u017cytkownika danych jedynie w granicach obowi\u0105zuj\u0105cego prawa i udzielonych upowa\u017cnie\u0144.<\/li>\n<\/ol>\n\n\n\n<p><strong>V. Prawa i obowi\u0105zki U\u017cytkownika<\/strong><\/p>\n\n\n\n<ol class=\"wp-block-list\">\n<li>U\u017cytkownik ma prawo i obowi\u0105zek korzysta\u0107 z Us\u0142ug zgodnie z ich przeznaczeniem, w spos\u00f3b okre\u015blony umow\u0105, przepisami prawa oraz normami spo\u0142eczno-obyczajowymi.<\/li>\n\n\n\n<li>U\u017cytkownik jest zobowi\u0105zany chroni\u0107 swoje has\u0142o dost\u0119pu do Us\u0142ug i nie udost\u0119pnia\u0107 go osobom trzecim.<\/li>\n\n\n\n<li>U\u017cytkownik wype\u0142niaj\u0105c formularz zg\u0142oszeniowy jest zobowi\u0105zany do podania prawdziwych danych i ich bie\u017c\u0105cej aktualizacji.<\/li>\n\n\n\n<li>U\u017cytkownik bez zgody Operatora nie mo\u017ce dokonywa\u0107 przekierowania do Us\u0142ugi z innych stron internetowych.<\/li>\n\n\n\n<li>U\u017cytkownik b\u0119d\u0105cy osob\u0105 fizyczn\u0105, kt\u00f3ry zawar\u0142 umow\u0119 na odleg\u0142o\u015b\u0107, mo\u017ce od niej odst\u0105pi\u0107 bez podania przyczyn, sk\u0142adaj\u0105c stosowne o\u015bwiadczenie na pi\u015bmie w terminie 14 dni.<\/li>\n\n\n\n<li>Prawo odst\u0105pienia od umowy zawartej na odleg\u0142o\u015b\u0107 nie przys\u0142uguje U\u017cytkownikowi w wypadkach umowy:\n<ol class=\"wp-block-list\">\n<li>o \u015bwiadczenie us\u0142ug, je\u017celi przedsi\u0119biorca wykona\u0142 w pe\u0142ni us\u0142ug\u0119 za wyra\u017an\u0105 zgod\u0105 konsumenta, kt\u00f3ry zosta\u0142 poinformowany przed rozpocz\u0119ciem \u015bwiadczenia, \u017ce po spe\u0142nieniu \u015bwiadczenia przez przedsi\u0119biorc\u0119 utraci prawo odst\u0105pienia od umowy;<\/li>\n\n\n\n<li>w kt\u00f3rej przedmiotem \u015bwiadczenia s\u0105 nagrania d\u017awi\u0119kowe lub wizualne albo programy komputerowe dostarczane w zapiecz\u0119towanym opakowaniu, je\u017celi opakowanie zosta\u0142o otwarte po dostarczeniu;<\/li>\n\n\n\n<li>o dostarczanie dziennik\u00f3w, periodyk\u00f3w lub czasopism, z wyj\u0105tkiem umowy o prenumerat\u0119;<\/li>\n\n\n\n<li>zawartej w drodze aukcji publicznej;<\/li>\n\n\n\n<li>o \u015bwiadczenie us\u0142ug w zakresie zakwaterowania, innych ni\u017c do cel\u00f3w mieszkalnych, przewozu rzeczy, najmu samochod\u00f3w, gastronomii, us\u0142ug zwi\u0105zanych z wypoczynkiem, wydarzeniami rozrywkowymi, sportowymi lub kulturalnymi, je\u017celi w umowie oznaczono dzie\u0144 lub okres \u015bwiadczenia us\u0142ugi;<\/li>\n\n\n\n<li>o dostarczanie tre\u015bci cyfrowych, kt\u00f3re nie s\u0105 zapisane na no\u015bniku materialnym, je\u017celi spe\u0142nianie \u015bwiadczenia rozpocz\u0119\u0142o si\u0119 za wyra\u017an\u0105 zgod\u0105 konsumenta przed up\u0142ywem terminu do odst\u0105pienia od umowy i po poinformowaniu go przez przedsi\u0119biorc\u0119 o utracie prawa odst\u0105pienia od umowy.<\/li>\n<\/ol>\n<\/li>\n<\/ol>\n\n\n\n<p><strong>VI. Prawa autorskie.<\/strong><\/p>\n\n\n\n<ol class=\"wp-block-list\">\n<li>Maj\u0105tkowe prawa autorskie do Us\u0142ug, ich cz\u0119\u015bci sk\u0142adowych oraz cz\u0119\u015bci i fragment\u00f3w maj\u0105cych samodzielne znaczenie tw\u00f3rcze nale\u017c\u0105 do Operatora.<\/li>\n\n\n\n<li>Utrwalanie, rozpowszechnianie i jakiekolwiek inne publiczne udost\u0119pnianie Us\u0142ug, ich cz\u0119\u015bci sk\u0142adowych oraz cz\u0119\u015bci i fragment\u00f3w maj\u0105cych samodzielne znaczenie tw\u00f3rcze bez uzyskania odr\u0119bnej zgody Operatora jest zabronione.<\/li>\n<\/ol>\n\n\n\n<p><strong>VII. Dane osobowe i przesy\u0142anie informacji za pomoc\u0105 \u015brodk\u00f3w komunikacji elektronicznej<\/strong><\/p>\n\n\n\n<ol class=\"wp-block-list\">\n<li>Administratorem danych osobowych jest Operator.<\/li>\n\n\n\n<li>Operator przetwarza dane osobowe zgodnie z RODO i ustaw\u0105 z dnia 10 maja 2018 r o ochronie danych osobowych (Dz.U. z 2018 r. poz. 1000).<\/li>\n\n\n\n<li>U\u017cytkownik zachowuje pe\u0142ni\u0119 praw przys\u0142uguj\u0105cych mu na podstawie RODO i ustawy z dnia 10 maja 2018 r o ochronie danych osobowych (Dz.U. z 2018 r. poz. 1000), w tym prawo dost\u0119pu do tre\u015bci jego danych oraz ich poprawiania i sprostowania a tak\u017ce \u2013 w zakresie wynikaj\u0105cym z przepis\u00f3w \u2013 do usuni\u0119cia, ograniczenia przetwarzania, wniesienia sprzeciwu wobec ich przetwarzania a tak\u017ce prawie do wniesienia skargi do organu nadzorczego w\u0142a\u015bciwego dla przetwarzania danych; U\u017cytkownik ma r\u00f3wnie\u017c prawo do wycofania w dowolnym momencie udzielonej zgody na przetwarzanie danych osobowych, co nie wp\u0142ywa jednak na wcze\u015bniejsz\u0105 zgodno\u015b\u0107 z prawem przetwarzania danych.<\/li>\n\n\n\n<li>Podanie danych osobowych jest dobrowolne, jednak ich brak mo\u017ce uniemo\u017cliwia\u0107 \u015bwiadczenie niekt\u00f3rych us\u0142ug.<\/li>\n\n\n\n<li>W celu cofni\u0119cia udzielonej zgody na przetwarzanie danych osobowych nale\u017cy skorzysta\u0107 z odpowiedniej opcji w ramach produktu lub us\u0142ugi, za po\u015brednictwem kt\u00f3rej zgoda zosta\u0142a udzielona. W przypadku braku takiej mo\u017cliwo\u015bci aby cofn\u0105\u0107 zgod\u0119, nale\u017cy przes\u0142a\u0107 wiadomo\u015b\u0107 e-mail na adres&nbsp;<a href=\"mailto:pomoc@e-kierowca.pl\" target=\"_blank\" rel=\"noreferrer noopener\">pomoc@e-kierowca.pl<\/a>; w celu usprawnienia procesu i umo\u017cliwienia weryfikacji to\u017csamo\u015bci cofaj\u0105cego, wiadomo\u015b\u0107 opr\u00f3cz o\u015bwiadczenia o cofni\u0119ciu zgody na przetwarzanie danych osobowych, powinna zosta\u0107 wys\u0142ana z adresu u\u017cywanego uprzednio do logowania w us\u0142ugach lub kontaktu z Operatorem.<\/li>\n\n\n\n<li>Dodatkowe informacje i zasady dotycz\u0105ce ochrony danych osobowych U\u017cytkownika, a tak\u017ce <strong>wz\u00f3r o\u015bwiadczenia o cofni\u0119ciu zgody na przetwarzanie danych osobowych zawiera Polityka Prywatno\u015bci Serwisu.<\/strong><\/li>\n<\/ol>\n\n\n\n<p><strong>VIII. P\u0142atno\u015bci realizowane za po\u015brednictwem podmiot\u00f3w trzecich<\/strong><\/p>\n\n\n\n<p>1.&nbsp;Podmiotem \u015bwiadcz\u0105cym obs\u0142ug\u0119 p\u0142atno\u015bci online jest Autopay S.A.<\/p>\n\n\n\n<p>2. Dost\u0119pne formy p\u0142atno\u015bci: Karty p\u0142atnicze:<br>* Visa<br>* Visa Electron<br>* Mastercard<br>* MasterCard Electronic<br>* Maestro.<br>3. Operator dokonuje zwrotu p\u0142atno\u015bci przy u\u017cyciu takiego samego sposobu p\u0142atno\u015bci, jakiego u\u017cy\u0142 konsument, chyba \u017ce konsument wyra\u017anie zgodzi\u0142 si\u0119 na inny spos\u00f3b zwrotu, kt\u00f3ry nie wi\u0105\u017ce si\u0119 dla niego z \u017cadnymi kosztami.<\/p>\n\n\n\n<p><strong>IX. Postanowienia ko\u0144cowe<\/strong><\/p>\n\n\n\n<ol class=\"wp-block-list\">\n<li>U\u017cytkownik wszelk\u0105 korespondencj\u0119 dotycz\u0105c\u0105 Serwisu i udost\u0119pnianych w jego ramach Us\u0142ug, w tym reklamacje, winien kierowa\u0107 na nast\u0119puj\u0105cy adres poczty elektronicznej Us\u0142ugodawcy:&nbsp;pomoc@e-kierowca.pl.<\/li>\n\n\n\n<li>W sprawach nieuregulowanych regulaminem maj\u0105 zastosowanie odpowiednie przepisy Kodeksu cywilnego, ustawy o prawach konsumenta, ustawy o prawie autorskim i prawach pokrewnych oraz ustawy o \u015bwiadczeniu us\u0142ug drog\u0105 elektroniczn\u0105, a wszelkie postanowienia niniejszego regulaminu nale\u017cy w razie w\u0105tpliwo\u015bci interpretowa\u0107 w spos\u00f3b zgodny z wymienionymi ustawami.<\/li>\n\n\n\n<li>Wszelkie spory Operator stara si\u0119 rozwi\u0105zywa\u0107 polubownie, jednak w przypadku sporu U\u017cytkownik ma mo\u017cliwo\u015b\u0107 dochodzenia swoich roszcze\u0144 przy wykorzystaniu instytucji przewidzianych przepisach powszechnie obowi\u0105zuj\u0105cego prawa. Dodatkowe informacje dla konsument\u00f3w znajduj\u0105 si\u0119 pod adresem: http:\/\/www.uokik.gov.pl\/konsumenci<\/li>\n\n\n\n<li>S\u0105dem w\u0142a\u015bciwym do rozpatrywania spor\u00f3w wynikaj\u0105cych ze \u015bwiadczenia us\u0142ugi podmiotom nieb\u0119d\u0105cym konsumentami w rozumieniu Kodeksu Cywilnego jest S\u0105d w\u0142a\u015bciwy dla siedziby Us\u0142ugodawcy.<\/li>\n<\/ol>\n\n\n\n<div class=\"wp-block-uagb-image alignleft uagb-block-f9e416ce wp-block-uagb-image--layout-default wp-block-uagb-image--effect-static wp-block-uagb-image--align-left\"><figure class=\"wp-block-uagb-image__figure\"><img decoding=\"async\" srcset=\"https:\/\/biz.prawko.pl\/portal\/wp-content\/uploads\/2025\/02\/396x51-pay.png ,https:\/\/biz.prawko.pl\/portal\/wp-content\/uploads\/2025\/02\/396x51-pay.png 780w, https:\/\/biz.prawko.pl\/portal\/wp-content\/uploads\/2025\/02\/396x51-pay.png 360w\" sizes=\"auto, (max-width: 480px) 150px\" src=\"https:\/\/biz.prawko.pl\/portal\/wp-content\/uploads\/2025\/02\/396x51-pay.png\" alt=\"\" class=\"uag-image-6001\" width=\"396\" height=\"51\" title=\"396x51-pay\" loading=\"lazy\" role=\"img\"\/><\/figure><\/div>\n<\/div><\/section>\n","protected":false},"excerpt":{"rendered":"","protected":false},"author":2,"featured_media":0,"parent":0,"menu_order":0,"comment_status":"closed","ping_status":"closed","template":"","meta":{"_coblocks_attr":"","_coblocks_dimensions":"","_coblocks_responsive_height":"","_coblocks_accordion_ie_support":"","_uag_custom_page_level_css":"","advgb_blocks_editor_width":"","advgb_blocks_columns_visual_guide":"","neve_meta_sidebar":"","neve_meta_container":"","neve_meta_enable_content_width":"","neve_meta_content_width":0,"neve_meta_title_alignment":"","neve_meta_author_avatar":"","neve_post_elements_order":"","neve_meta_disable_header":"","neve_meta_disable_footer":"","neve_meta_disable_title":"","_themeisle_gutenberg_block_has_review":false,"footnotes":""},"class_list":["post-406","page","type-page","status-publish","hentry"],"yoast_head":"<!-- This site is optimized with the Yoast SEO plugin v24.7 - https:\/\/yoast.com\/wordpress\/plugins\/seo\/ -->\n<title>Regulamin Program Biz.prawko.pl<\/title>\n<meta name=\"robots\" content=\"index, follow, max-snippet:-1, max-image-preview:large, max-video-preview:-1\" \/>\n<link rel=\"canonical\" href=\"https:\/\/biz.prawko.pl\/portal\/regulamin\/\" \/>\n<meta property=\"og:locale\" content=\"pl_PL\" \/>\n<meta property=\"og:type\" content=\"article\" \/>\n<meta property=\"og:title\" content=\"Regulamin Program Biz.prawko.pl\" \/>\n<meta property=\"og:url\" content=\"https:\/\/biz.prawko.pl\/portal\/regulamin\/\" \/>\n<meta property=\"og:site_name\" content=\"Program Biz.prawko.pl\" \/>\n<meta property=\"article:publisher\" content=\"https:\/\/www.facebook.com\/bizprawkopl\" \/>\n<meta property=\"article:modified_time\" content=\"2025-08-26T11:54:13+00:00\" \/>\n<meta property=\"og:image\" content=\"https:\/\/biz.prawko.pl\/portal\/wp-content\/uploads\/2025\/02\/396x51-pay.png\" \/>\n<meta name=\"twitter:card\" content=\"summary_large_image\" \/>\n<meta name=\"twitter:label1\" content=\"Szacowany czas czytania\" \/>\n\t<meta name=\"twitter:data1\" content=\"8 minut\" \/>\n<script type=\"application\/ld+json\" class=\"yoast-schema-graph\">{\"@context\":\"https:\/\/schema.org\",\"@graph\":[{\"@type\":\"WebPage\",\"@id\":\"https:\/\/biz.prawko.pl\/portal\/regulamin\/\",\"url\":\"https:\/\/biz.prawko.pl\/portal\/regulamin\/\",\"name\":\"Regulamin Program Biz.prawko.pl\",\"isPartOf\":{\"@id\":\"https:\/\/biz.prawko.pl\/portal\/#website\"},\"primaryImageOfPage\":{\"@id\":\"https:\/\/biz.prawko.pl\/portal\/regulamin\/#primaryimage\"},\"image\":{\"@id\":\"https:\/\/biz.prawko.pl\/portal\/regulamin\/#primaryimage\"},\"thumbnailUrl\":\"https:\/\/biz.prawko.pl\/portal\/wp-content\/uploads\/2025\/02\/396x51-pay.png\",\"datePublished\":\"2021-03-16T12:40:05+00:00\",\"dateModified\":\"2025-08-26T11:54:13+00:00\",\"breadcrumb\":{\"@id\":\"https:\/\/biz.prawko.pl\/portal\/regulamin\/#breadcrumb\"},\"inLanguage\":\"pl-PL\",\"potentialAction\":[{\"@type\":\"ReadAction\",\"target\":[\"https:\/\/biz.prawko.pl\/portal\/regulamin\/\"]}]},{\"@type\":\"ImageObject\",\"inLanguage\":\"pl-PL\",\"@id\":\"https:\/\/biz.prawko.pl\/portal\/regulamin\/#primaryimage\",\"url\":\"https:\/\/biz.prawko.pl\/portal\/wp-content\/uploads\/2025\/02\/396x51-pay.png\",\"contentUrl\":\"https:\/\/biz.prawko.pl\/portal\/wp-content\/uploads\/2025\/02\/396x51-pay.png\",\"width\":396,\"height\":51},{\"@type\":\"BreadcrumbList\",\"@id\":\"https:\/\/biz.prawko.pl\/portal\/regulamin\/#breadcrumb\",\"itemListElement\":[{\"@type\":\"ListItem\",\"position\":1,\"name\":\"Strona g\u0142\u00f3wna\",\"item\":\"https:\/\/biz.prawko.pl\/portal\/\"},{\"@type\":\"ListItem\",\"position\":2,\"name\":\"Regulamin\"}]},{\"@type\":\"WebSite\",\"@id\":\"https:\/\/biz.prawko.pl\/portal\/#website\",\"url\":\"https:\/\/biz.prawko.pl\/portal\/\",\"name\":\"Program Biz.prawko.pl\",\"description\":\"program dla OSK\",\"publisher\":{\"@id\":\"https:\/\/biz.prawko.pl\/portal\/#organization\"},\"potentialAction\":[{\"@type\":\"SearchAction\",\"target\":{\"@type\":\"EntryPoint\",\"urlTemplate\":\"https:\/\/biz.prawko.pl\/portal\/?s={search_term_string}\"},\"query-input\":{\"@type\":\"PropertyValueSpecification\",\"valueRequired\":true,\"valueName\":\"search_term_string\"}}],\"inLanguage\":\"pl-PL\"},{\"@type\":\"Organization\",\"@id\":\"https:\/\/biz.prawko.pl\/portal\/#organization\",\"name\":\"Biz.prawko.pl\",\"url\":\"https:\/\/biz.prawko.pl\/portal\/\",\"logo\":{\"@type\":\"ImageObject\",\"inLanguage\":\"pl-PL\",\"@id\":\"https:\/\/biz.prawko.pl\/portal\/#\/schema\/logo\/image\/\",\"url\":\"https:\/\/biz.prawko.pl\/portal\/wp-content\/uploads\/2021\/04\/bizprawko.jpg\",\"contentUrl\":\"https:\/\/biz.prawko.pl\/portal\/wp-content\/uploads\/2021\/04\/bizprawko.jpg\",\"width\":300,\"height\":300,\"caption\":\"Biz.prawko.pl\"},\"image\":{\"@id\":\"https:\/\/biz.prawko.pl\/portal\/#\/schema\/logo\/image\/\"},\"sameAs\":[\"https:\/\/www.facebook.com\/bizprawkopl\",\"https:\/\/www.youtube.com\/channel\/UC_WQqwrnXJv_p4Gpu-HPa8g\"]}]}<\/script>\n<!-- \/ Yoast SEO plugin. -->","yoast_head_json":{"title":"Regulamin Program Biz.prawko.pl","robots":{"index":"index","follow":"follow","max-snippet":"max-snippet:-1","max-image-preview":"max-image-preview:large","max-video-preview":"max-video-preview:-1"},"canonical":"https:\/\/biz.prawko.pl\/portal\/regulamin\/","og_locale":"pl_PL","og_type":"article","og_title":"Regulamin Program Biz.prawko.pl","og_url":"https:\/\/biz.prawko.pl\/portal\/regulamin\/","og_site_name":"Program Biz.prawko.pl","article_publisher":"https:\/\/www.facebook.com\/bizprawkopl","article_modified_time":"2025-08-26T11:54:13+00:00","og_image":[{"url":"https:\/\/biz.prawko.pl\/portal\/wp-content\/uploads\/2025\/02\/396x51-pay.png","type":"","width":"","height":""}],"twitter_card":"summary_large_image","twitter_misc":{"Szacowany czas czytania":"8 minut"},"schema":{"@context":"https:\/\/schema.org","@graph":[{"@type":"WebPage","@id":"https:\/\/biz.prawko.pl\/portal\/regulamin\/","url":"https:\/\/biz.prawko.pl\/portal\/regulamin\/","name":"Regulamin Program Biz.prawko.pl","isPartOf":{"@id":"https:\/\/biz.prawko.pl\/portal\/#website"},"primaryImageOfPage":{"@id":"https:\/\/biz.prawko.pl\/portal\/regulamin\/#primaryimage"},"image":{"@id":"https:\/\/biz.prawko.pl\/portal\/regulamin\/#primaryimage"},"thumbnailUrl":"https:\/\/biz.prawko.pl\/portal\/wp-content\/uploads\/2025\/02\/396x51-pay.png","datePublished":"2021-03-16T12:40:05+00:00","dateModified":"2025-08-26T11:54:13+00:00","breadcrumb":{"@id":"https:\/\/biz.prawko.pl\/portal\/regulamin\/#breadcrumb"},"inLanguage":"pl-PL","potentialAction":[{"@type":"ReadAction","target":["https:\/\/biz.prawko.pl\/portal\/regulamin\/"]}]},{"@type":"ImageObject","inLanguage":"pl-PL","@id":"https:\/\/biz.prawko.pl\/portal\/regulamin\/#primaryimage","url":"https:\/\/biz.prawko.pl\/portal\/wp-content\/uploads\/2025\/02\/396x51-pay.png","contentUrl":"https:\/\/biz.prawko.pl\/portal\/wp-content\/uploads\/2025\/02\/396x51-pay.png","width":396,"height":51},{"@type":"BreadcrumbList","@id":"https:\/\/biz.prawko.pl\/portal\/regulamin\/#breadcrumb","itemListElement":[{"@type":"ListItem","position":1,"name":"Strona g\u0142\u00f3wna","item":"https:\/\/biz.prawko.pl\/portal\/"},{"@type":"ListItem","position":2,"name":"Regulamin"}]},{"@type":"WebSite","@id":"https:\/\/biz.prawko.pl\/portal\/#website","url":"https:\/\/biz.prawko.pl\/portal\/","name":"Program Biz.prawko.pl","description":"program dla OSK","publisher":{"@id":"https:\/\/biz.prawko.pl\/portal\/#organization"},"potentialAction":[{"@type":"SearchAction","target":{"@type":"EntryPoint","urlTemplate":"https:\/\/biz.prawko.pl\/portal\/?s={search_term_string}"},"query-input":{"@type":"PropertyValueSpecification","valueRequired":true,"valueName":"search_term_string"}}],"inLanguage":"pl-PL"},{"@type":"Organization","@id":"https:\/\/biz.prawko.pl\/portal\/#organization","name":"Biz.prawko.pl","url":"https:\/\/biz.prawko.pl\/portal\/","logo":{"@type":"ImageObject","inLanguage":"pl-PL","@id":"https:\/\/biz.prawko.pl\/portal\/#\/schema\/logo\/image\/","url":"https:\/\/biz.prawko.pl\/portal\/wp-content\/uploads\/2021\/04\/bizprawko.jpg","contentUrl":"https:\/\/biz.prawko.pl\/portal\/wp-content\/uploads\/2021\/04\/bizprawko.jpg","width":300,"height":300,"caption":"Biz.prawko.pl"},"image":{"@id":"https:\/\/biz.prawko.pl\/portal\/#\/schema\/logo\/image\/"},"sameAs":["https:\/\/www.facebook.com\/bizprawkopl","https:\/\/www.youtube.com\/channel\/UC_WQqwrnXJv_p4Gpu-HPa8g"]}]}},"uagb_featured_image_src":{"full":false,"thumbnail":false,"medium":false,"medium_large":false,"large":false,"1536x1536":false,"2048x2048":false,"neve-blog":false},"uagb_author_info":{"display_name":"Krzysztof Syrek","author_link":"https:\/\/biz.prawko.pl\/portal\/blog\/author\/krzysztof-syrek\/"},"uagb_comment_info":0,"uagb_excerpt":null,"coauthors":[],"author_meta":{"author_link":"https:\/\/biz.prawko.pl\/portal\/blog\/author\/krzysztof-syrek\/","display_name":"Krzysztof Syrek"},"relative_dates":{"created":"Posted 5 lat ago","modified":"Updated 8 miesi\u0119cy ago"},"absolute_dates":{"created":"Posted on 16 marca 2021","modified":"Updated on 26 sierpnia 2025"},"absolute_dates_time":{"created":"Posted on 16 marca 2021 13:40","modified":"Updated on 26 sierpnia 2025 13:54"},"featured_img_caption":"","featured_img":false,"series_order":"","_links":{"self":[{"href":"https:\/\/biz.prawko.pl\/portal\/wp-json\/wp\/v2\/pages\/406","targetHints":{"allow":["GET"]}}],"collection":[{"href":"https:\/\/biz.prawko.pl\/portal\/wp-json\/wp\/v2\/pages"}],"about":[{"href":"https:\/\/biz.prawko.pl\/portal\/wp-json\/wp\/v2\/types\/page"}],"author":[{"embeddable":true,"href":"https:\/\/biz.prawko.pl\/portal\/wp-json\/wp\/v2\/users\/2"}],"replies":[{"embeddable":true,"href":"https:\/\/biz.prawko.pl\/portal\/wp-json\/wp\/v2\/comments?post=406"}],"version-history":[{"count":8,"href":"https:\/\/biz.prawko.pl\/portal\/wp-json\/wp\/v2\/pages\/406\/revisions"}],"predecessor-version":[{"id":6607,"href":"https:\/\/biz.prawko.pl\/portal\/wp-json\/wp\/v2\/pages\/406\/revisions\/6607"}],"wp:attachment":[{"href":"https:\/\/biz.prawko.pl\/portal\/wp-json\/wp\/v2\/media?parent=406"}],"curies":[{"name":"wp","href":"https:\/\/api.w.org\/{rel}","templated":true}]}}