{"id":3353,"date":"2022-11-06T15:26:21","date_gmt":"2022-11-06T14:26:21","guid":{"rendered":"https:\/\/biz.prawko.pl\/portal\/?page_id=3353"},"modified":"2025-11-03T17:03:14","modified_gmt":"2025-11-03T16:03:14","slug":"darmowe-konto-biz-prawko-pl","status":"publish","type":"page","link":"https:\/\/biz.prawko.pl\/portal\/darmowe-konto-biz-prawko-pl\/","title":{"rendered":"Darmowe konto Biz.prawko.pl"},"content":{"rendered":"\n<div class=\"wp-block-uagb-container uagb-block-f7e68f33 alignfull uagb-is-root-container\"><div class=\"uagb-container-inner-blocks-wrap\">\n<h2 class=\"wp-block-heading has-text-align-center homepageh2 ticss-75cd8dfd has-neve-text-color-color has-text-color has-x-large-font-size\" id=\"nie-plac-za-obsluge-pkk-swoich-kursantow\" style=\"font-style:normal;font-weight:700\">Jeste\u015b o krok od dobrego wyboru<\/h2>\n\n\n\n<h4 class=\"wp-block-heading has-text-align-center has-neve-text-color-color has-text-color\" id=\"uzytkownicy-biz-prawko-pl-oszczedzaja-nawet-1500-zl-rocznie-korzystajac-z-darmowego-rozwiazania\" style=\"font-size:16px;font-style:normal;font-weight:400\">Wype\u0142nij poni\u017cszy formularz w celu za\u0142o\u017cenia darmowego konta w Biz.prawko.pl. Oferujemy te\u017c darmowe wsparcie we wdro\u017ceniu Biz.prawko.pl w twoim OSK!<\/h4>\n\n\n\n<div style=\"height:25px\" aria-hidden=\"true\" class=\"wp-block-spacer\"><\/div>\n\n\n\n<div style=\"display: flex; justify-content: center; align-items: center; flex-direction: column; text-align: center;\">\n  <div class=\"pipedriveWebForms\" data-pd-webforms=\"https:\/\/webforms.pipedrive.com\/f\/6rJJQVnrVwAO5YXhPTTS4Im6LigzuUOyD0hCRHsjmTA4SZ67jvjDRC67mg8sEBNTfJ\">\n    <script src=\"https:\/\/webforms.pipedrive.com\/f\/loader\"><\/script>\n  <\/div>\n<\/div>\n\n\n\n\n<div style=\"height:25px\" aria-hidden=\"true\" class=\"wp-block-spacer\"><\/div>\n\n\n\n<p class=\"has-text-align-center has-nv-dark-bg-color has-text-color\"><meta charset=\"utf-8\">Wsparcie OSK w nauczaniu hybrydowym &#8211; <meta charset=\"utf-8\">Materia\u0142y dla kursant\u00f3w prawa jazdy &#8211; <meta charset=\"utf-8\">Wszystkie kategorie prawa jazdy &#8211; <meta charset=\"utf-8\">Program dla OSK do Egzaminu Wewn\u0119trznego &#8211; <meta charset=\"utf-8\">Program dla OSK \u2013 Vademecum Wyk\u0142adowcy<\/p>\n\n\n\n<div style=\"height:30px\" aria-hidden=\"true\" class=\"wp-block-spacer\"><\/div>\n<\/div><\/div>\n","protected":false},"excerpt":{"rendered":"<p>Jeste\u015b o krok od dobrego wyboru Wype\u0142nij poni\u017cszy formularz w celu za\u0142o\u017cenia darmowego konta w Biz.prawko.pl. Oferujemy te\u017c darmowe wsparcie we wdro\u017ceniu Biz.prawko.pl w twoim OSK! Wsparcie OSK w nauczaniu hybrydowym &#8211; Materia\u0142y dla kursant\u00f3w prawa jazdy &#8211; Wszystkie kategorie prawa jazdy &#8211; Program dla OSK do Egzaminu Wewn\u0119trznego &#8211; Program dla OSK \u2013 Vademecum&hellip;&nbsp;<a href=\"https:\/\/biz.prawko.pl\/portal\/darmowe-konto-biz-prawko-pl\/\" class=\"\" rel=\"bookmark\">Czytaj dalej &raquo;<span class=\"screen-reader-text\">Darmowe konto Biz.prawko.pl<\/span><\/a><\/p>\n","protected":false},"author":2,"featured_media":0,"parent":0,"menu_order":0,"comment_status":"closed","ping_status":"closed","template":"page-templates\/template-pagebuilder-full-width.php","meta":{"_coblocks_attr":"","_coblocks_dimensions":"","_coblocks_responsive_height":"","_coblocks_accordion_ie_support":"","_uag_custom_page_level_css":"","advgb_blocks_editor_width":"","advgb_blocks_columns_visual_guide":"","neve_meta_sidebar":"full-width","neve_meta_container":"full-width","neve_meta_enable_content_width":"on","neve_meta_content_width":100,"neve_meta_title_alignment":"","neve_meta_author_avatar":"","neve_post_elements_order":"","neve_meta_disable_header":"off","neve_meta_disable_footer":"off","neve_meta_disable_title":"on","_themeisle_gutenberg_block_has_review":false,"footnotes":""},"class_list":["post-3353","page","type-page","status-publish","hentry"],"yoast_head":"<!-- This site is optimized with the Yoast SEO plugin v24.7 - https:\/\/yoast.com\/wordpress\/plugins\/seo\/ -->\n<title>Darmowe konto Biz.prawko.pl Program Biz.prawko.pl<\/title>\n<meta name=\"description\" content=\"Biz.prawko.pl program dla OSK. To kompletny zestaw narz\u0119dzi do zarz\u0105dzania OSK, zarz\u0105dzania PKK, pozyskiwania kursant\u00f3w.\" \/>\n<meta name=\"robots\" content=\"index, follow, max-snippet:-1, max-image-preview:large, max-video-preview:-1\" \/>\n<link rel=\"canonical\" href=\"https:\/\/biz.prawko.pl\/portal\/darmowe-konto-biz-prawko-pl\/\" \/>\n<meta property=\"og:locale\" content=\"pl_PL\" \/>\n<meta property=\"og:type\" content=\"article\" \/>\n<meta property=\"og:title\" content=\"Darmowe konto Biz.prawko.pl Program Biz.prawko.pl\" \/>\n<meta property=\"og:description\" content=\"Biz.prawko.pl program dla OSK. To kompletny zestaw narz\u0119dzi do zarz\u0105dzania OSK, zarz\u0105dzania PKK, pozyskiwania kursant\u00f3w.\" \/>\n<meta property=\"og:url\" content=\"https:\/\/biz.prawko.pl\/portal\/darmowe-konto-biz-prawko-pl\/\" \/>\n<meta property=\"og:site_name\" content=\"Program Biz.prawko.pl\" \/>\n<meta property=\"article:publisher\" content=\"https:\/\/www.facebook.com\/bizprawkopl\" \/>\n<meta property=\"article:modified_time\" content=\"2025-11-03T16:03:14+00:00\" \/>\n<meta property=\"og:image\" content=\"https:\/\/biz.prawko.pl\/portal\/wp-content\/uploads\/2021\/04\/bizprawko.jpg\" \/>\n\t<meta property=\"og:image:width\" content=\"300\" \/>\n\t<meta property=\"og:image:height\" content=\"300\" \/>\n\t<meta property=\"og:image:type\" content=\"image\/jpeg\" \/>\n<meta name=\"twitter:card\" content=\"summary_large_image\" \/>\n<meta name=\"twitter:label1\" content=\"Szacowany czas czytania\" \/>\n\t<meta name=\"twitter:data1\" content=\"1 minuta\" \/>\n<script type=\"application\/ld+json\" class=\"yoast-schema-graph\">{\"@context\":\"https:\/\/schema.org\",\"@graph\":[{\"@type\":\"WebPage\",\"@id\":\"https:\/\/biz.prawko.pl\/portal\/darmowe-konto-biz-prawko-pl\/\",\"url\":\"https:\/\/biz.prawko.pl\/portal\/darmowe-konto-biz-prawko-pl\/\",\"name\":\"Darmowe konto Biz.prawko.pl Program Biz.prawko.pl\",\"isPartOf\":{\"@id\":\"https:\/\/biz.prawko.pl\/portal\/#website\"},\"datePublished\":\"2022-11-06T14:26:21+00:00\",\"dateModified\":\"2025-11-03T16:03:14+00:00\",\"description\":\"Biz.prawko.pl program dla OSK. To kompletny zestaw narz\u0119dzi do zarz\u0105dzania OSK, zarz\u0105dzania PKK, pozyskiwania kursant\u00f3w.\",\"breadcrumb\":{\"@id\":\"https:\/\/biz.prawko.pl\/portal\/darmowe-konto-biz-prawko-pl\/#breadcrumb\"},\"inLanguage\":\"pl-PL\",\"potentialAction\":[{\"@type\":\"ReadAction\",\"target\":[\"https:\/\/biz.prawko.pl\/portal\/darmowe-konto-biz-prawko-pl\/\"]}]},{\"@type\":\"BreadcrumbList\",\"@id\":\"https:\/\/biz.prawko.pl\/portal\/darmowe-konto-biz-prawko-pl\/#breadcrumb\",\"itemListElement\":[{\"@type\":\"ListItem\",\"position\":1,\"name\":\"Strona g\u0142\u00f3wna\",\"item\":\"https:\/\/biz.prawko.pl\/portal\/\"},{\"@type\":\"ListItem\",\"position\":2,\"name\":\"Darmowe konto Biz.prawko.pl\"}]},{\"@type\":\"WebSite\",\"@id\":\"https:\/\/biz.prawko.pl\/portal\/#website\",\"url\":\"https:\/\/biz.prawko.pl\/portal\/\",\"name\":\"Program Biz.prawko.pl\",\"description\":\"program dla OSK\",\"publisher\":{\"@id\":\"https:\/\/biz.prawko.pl\/portal\/#organization\"},\"potentialAction\":[{\"@type\":\"SearchAction\",\"target\":{\"@type\":\"EntryPoint\",\"urlTemplate\":\"https:\/\/biz.prawko.pl\/portal\/?s={search_term_string}\"},\"query-input\":{\"@type\":\"PropertyValueSpecification\",\"valueRequired\":true,\"valueName\":\"search_term_string\"}}],\"inLanguage\":\"pl-PL\"},{\"@type\":\"Organization\",\"@id\":\"https:\/\/biz.prawko.pl\/portal\/#organization\",\"name\":\"Biz.prawko.pl\",\"url\":\"https:\/\/biz.prawko.pl\/portal\/\",\"logo\":{\"@type\":\"ImageObject\",\"inLanguage\":\"pl-PL\",\"@id\":\"https:\/\/biz.prawko.pl\/portal\/#\/schema\/logo\/image\/\",\"url\":\"https:\/\/biz.prawko.pl\/portal\/wp-content\/uploads\/2021\/04\/bizprawko.jpg\",\"contentUrl\":\"https:\/\/biz.prawko.pl\/portal\/wp-content\/uploads\/2021\/04\/bizprawko.jpg\",\"width\":300,\"height\":300,\"caption\":\"Biz.prawko.pl\"},\"image\":{\"@id\":\"https:\/\/biz.prawko.pl\/portal\/#\/schema\/logo\/image\/\"},\"sameAs\":[\"https:\/\/www.facebook.com\/bizprawkopl\",\"https:\/\/www.youtube.com\/channel\/UC_WQqwrnXJv_p4Gpu-HPa8g\"]}]}<\/script>\n<!-- \/ Yoast SEO plugin. -->","yoast_head_json":{"title":"Darmowe konto Biz.prawko.pl Program Biz.prawko.pl","description":"Biz.prawko.pl program dla OSK. To kompletny zestaw narz\u0119dzi do zarz\u0105dzania OSK, zarz\u0105dzania PKK, pozyskiwania kursant\u00f3w.","robots":{"index":"index","follow":"follow","max-snippet":"max-snippet:-1","max-image-preview":"max-image-preview:large","max-video-preview":"max-video-preview:-1"},"canonical":"https:\/\/biz.prawko.pl\/portal\/darmowe-konto-biz-prawko-pl\/","og_locale":"pl_PL","og_type":"article","og_title":"Darmowe konto Biz.prawko.pl Program Biz.prawko.pl","og_description":"Biz.prawko.pl program dla OSK. To kompletny zestaw narz\u0119dzi do zarz\u0105dzania OSK, zarz\u0105dzania PKK, pozyskiwania kursant\u00f3w.","og_url":"https:\/\/biz.prawko.pl\/portal\/darmowe-konto-biz-prawko-pl\/","og_site_name":"Program Biz.prawko.pl","article_publisher":"https:\/\/www.facebook.com\/bizprawkopl","article_modified_time":"2025-11-03T16:03:14+00:00","og_image":[{"width":300,"height":300,"url":"https:\/\/biz.prawko.pl\/portal\/wp-content\/uploads\/2021\/04\/bizprawko.jpg","type":"image\/jpeg"}],"twitter_card":"summary_large_image","twitter_misc":{"Szacowany czas czytania":"1 minuta"},"schema":{"@context":"https:\/\/schema.org","@graph":[{"@type":"WebPage","@id":"https:\/\/biz.prawko.pl\/portal\/darmowe-konto-biz-prawko-pl\/","url":"https:\/\/biz.prawko.pl\/portal\/darmowe-konto-biz-prawko-pl\/","name":"Darmowe konto Biz.prawko.pl Program Biz.prawko.pl","isPartOf":{"@id":"https:\/\/biz.prawko.pl\/portal\/#website"},"datePublished":"2022-11-06T14:26:21+00:00","dateModified":"2025-11-03T16:03:14+00:00","description":"Biz.prawko.pl program dla OSK. To kompletny zestaw narz\u0119dzi do zarz\u0105dzania OSK, zarz\u0105dzania PKK, pozyskiwania kursant\u00f3w.","breadcrumb":{"@id":"https:\/\/biz.prawko.pl\/portal\/darmowe-konto-biz-prawko-pl\/#breadcrumb"},"inLanguage":"pl-PL","potentialAction":[{"@type":"ReadAction","target":["https:\/\/biz.prawko.pl\/portal\/darmowe-konto-biz-prawko-pl\/"]}]},{"@type":"BreadcrumbList","@id":"https:\/\/biz.prawko.pl\/portal\/darmowe-konto-biz-prawko-pl\/#breadcrumb","itemListElement":[{"@type":"ListItem","position":1,"name":"Strona g\u0142\u00f3wna","item":"https:\/\/biz.prawko.pl\/portal\/"},{"@type":"ListItem","position":2,"name":"Darmowe konto Biz.prawko.pl"}]},{"@type":"WebSite","@id":"https:\/\/biz.prawko.pl\/portal\/#website","url":"https:\/\/biz.prawko.pl\/portal\/","name":"Program Biz.prawko.pl","description":"program dla OSK","publisher":{"@id":"https:\/\/biz.prawko.pl\/portal\/#organization"},"potentialAction":[{"@type":"SearchAction","target":{"@type":"EntryPoint","urlTemplate":"https:\/\/biz.prawko.pl\/portal\/?s={search_term_string}"},"query-input":{"@type":"PropertyValueSpecification","valueRequired":true,"valueName":"search_term_string"}}],"inLanguage":"pl-PL"},{"@type":"Organization","@id":"https:\/\/biz.prawko.pl\/portal\/#organization","name":"Biz.prawko.pl","url":"https:\/\/biz.prawko.pl\/portal\/","logo":{"@type":"ImageObject","inLanguage":"pl-PL","@id":"https:\/\/biz.prawko.pl\/portal\/#\/schema\/logo\/image\/","url":"https:\/\/biz.prawko.pl\/portal\/wp-content\/uploads\/2021\/04\/bizprawko.jpg","contentUrl":"https:\/\/biz.prawko.pl\/portal\/wp-content\/uploads\/2021\/04\/bizprawko.jpg","width":300,"height":300,"caption":"Biz.prawko.pl"},"image":{"@id":"https:\/\/biz.prawko.pl\/portal\/#\/schema\/logo\/image\/"},"sameAs":["https:\/\/www.facebook.com\/bizprawkopl","https:\/\/www.youtube.com\/channel\/UC_WQqwrnXJv_p4Gpu-HPa8g"]}]}},"uagb_featured_image_src":{"full":false,"thumbnail":false,"medium":false,"medium_large":false,"large":false,"1536x1536":false,"2048x2048":false,"neve-blog":false},"uagb_author_info":{"display_name":"Krzysztof Syrek","author_link":"https:\/\/biz.prawko.pl\/portal\/blog\/author\/krzysztof-syrek\/"},"uagb_comment_info":0,"uagb_excerpt":"Jeste\u015b o krok od dobrego wyboru Wype\u0142nij poni\u017cszy formularz w celu za\u0142o\u017cenia darmowego konta w Biz.prawko.pl. Oferujemy te\u017c darmowe wsparcie we wdro\u017ceniu Biz.prawko.pl w twoim OSK! Wsparcie OSK w nauczaniu hybrydowym &#8211; Materia\u0142y dla kursant\u00f3w prawa jazdy &#8211; Wszystkie kategorie prawa jazdy &#8211; Program dla OSK do Egzaminu Wewn\u0119trznego &#8211; Program dla OSK \u2013 Vademecum&hellip;&nbsp;Czytaj&hellip;","coauthors":[],"author_meta":{"author_link":"https:\/\/biz.prawko.pl\/portal\/blog\/author\/krzysztof-syrek\/","display_name":"Krzysztof Syrek"},"relative_dates":{"created":"Posted 3 lata ago","modified":"Updated 5 miesi\u0119cy ago"},"absolute_dates":{"created":"Posted on 6 listopada 2022","modified":"Updated on 3 listopada 2025"},"absolute_dates_time":{"created":"Posted on 6 listopada 2022 15:26","modified":"Updated on 3 listopada 2025 17:03"},"featured_img_caption":"","featured_img":false,"series_order":"","_links":{"self":[{"href":"https:\/\/biz.prawko.pl\/portal\/wp-json\/wp\/v2\/pages\/3353","targetHints":{"allow":["GET"]}}],"collection":[{"href":"https:\/\/biz.prawko.pl\/portal\/wp-json\/wp\/v2\/pages"}],"about":[{"href":"https:\/\/biz.prawko.pl\/portal\/wp-json\/wp\/v2\/types\/page"}],"author":[{"embeddable":true,"href":"https:\/\/biz.prawko.pl\/portal\/wp-json\/wp\/v2\/users\/2"}],"replies":[{"embeddable":true,"href":"https:\/\/biz.prawko.pl\/portal\/wp-json\/wp\/v2\/comments?post=3353"}],"version-history":[{"count":2,"href":"https:\/\/biz.prawko.pl\/portal\/wp-json\/wp\/v2\/pages\/3353\/revisions"}],"predecessor-version":[{"id":6743,"href":"https:\/\/biz.prawko.pl\/portal\/wp-json\/wp\/v2\/pages\/3353\/revisions\/6743"}],"wp:attachment":[{"href":"https:\/\/biz.prawko.pl\/portal\/wp-json\/wp\/v2\/media?parent=3353"}],"curies":[{"name":"wp","href":"https:\/\/api.w.org\/{rel}","templated":true}]}}