{"id":332,"date":"2021-03-02T10:52:39","date_gmt":"2021-03-02T09:52:39","guid":{"rendered":"https:\/\/biz.prawko.pl\/portal\/?page_id=332"},"modified":"2022-11-06T16:10:14","modified_gmt":"2022-11-06T15:10:14","slug":"akademia-biz-prawko-pl","status":"publish","type":"page","link":"https:\/\/biz.prawko.pl\/portal\/akademia-biz-prawko-pl\/","title":{"rendered":"Akademia Biz.prawko.pl"},"content":{"rendered":"\n<section class=\"wp-block-uagb-section uagb-section__wrap uagb-section__background-image uagb-block-592af172\"><div class=\"uagb-section__overlay\"><\/div><div class=\"uagb-section__inner-wrap\">\n<div class=\"wp-block-columns is-layout-flex wp-container-core-columns-is-layout-9d6595d7 wp-block-columns-is-layout-flex\">\n<div class=\"wp-block-column is-layout-flow wp-block-column-is-layout-flow\">\n<h2 class=\"wp-block-heading\">Dowiedz si\u0119 wi\u0119cej dzi\u0119ki spotkaniom w ramach Akademii Biz.prawko.pl.<\/h2>\n<\/div>\n\n\n\n<div class=\"wp-block-column is-layout-flow wp-block-column-is-layout-flow\"><p class=\"wpcf7-contact-form-not-found\"><strong>B\u0142\u0105d:<\/strong> Brak formularza kontaktowego.<\/p>\n<\/div>\n<\/div>\n<\/div><\/section>\n","protected":false},"excerpt":{"rendered":"","protected":false},"author":2,"featured_media":0,"parent":0,"menu_order":0,"comment_status":"closed","ping_status":"closed","template":"page-templates\/template-pagebuilder-full-width.php","meta":{"_coblocks_attr":"","_coblocks_dimensions":"","_coblocks_responsive_height":"","_coblocks_accordion_ie_support":"","_uag_custom_page_level_css":"","advgb_blocks_editor_width":"","advgb_blocks_columns_visual_guide":"","neve_meta_sidebar":"full-width","neve_meta_container":"full-width","neve_meta_enable_content_width":"on","neve_meta_content_width":100,"neve_meta_title_alignment":"center","neve_meta_author_avatar":"","neve_post_elements_order":"","neve_meta_disable_header":"","neve_meta_disable_footer":"","neve_meta_disable_title":"on","_themeisle_gutenberg_block_has_review":false,"footnotes":""},"class_list":["post-332","page","type-page","status-publish","hentry"],"yoast_head":"<!-- This site is optimized with the Yoast SEO plugin v24.7 - https:\/\/yoast.com\/wordpress\/plugins\/seo\/ -->\n<title>Akademia Biz.prawko.pl Program Biz.prawko.pl<\/title>\n<meta name=\"robots\" content=\"index, follow, max-snippet:-1, max-image-preview:large, max-video-preview:-1\" \/>\n<link rel=\"canonical\" href=\"https:\/\/biz.prawko.pl\/portal\/akademia-biz-prawko-pl\/\" \/>\n<meta property=\"og:locale\" content=\"pl_PL\" \/>\n<meta property=\"og:type\" content=\"article\" \/>\n<meta property=\"og:title\" content=\"Akademia Biz.prawko.pl Program Biz.prawko.pl\" \/>\n<meta property=\"og:url\" content=\"https:\/\/biz.prawko.pl\/portal\/akademia-biz-prawko-pl\/\" \/>\n<meta property=\"og:site_name\" content=\"Program Biz.prawko.pl\" \/>\n<meta property=\"article:publisher\" content=\"https:\/\/www.facebook.com\/bizprawkopl\" \/>\n<meta property=\"article:modified_time\" content=\"2022-11-06T15:10:14+00:00\" \/>\n<meta property=\"og:image\" content=\"https:\/\/biz.prawko.pl\/portal\/wp-content\/uploads\/2021\/04\/bizprawko.jpg\" \/>\n\t<meta property=\"og:image:width\" content=\"300\" \/>\n\t<meta property=\"og:image:height\" content=\"300\" \/>\n\t<meta property=\"og:image:type\" content=\"image\/jpeg\" \/>\n<meta name=\"twitter:card\" content=\"summary_large_image\" \/>\n<meta name=\"twitter:label1\" content=\"Szacowany czas czytania\" \/>\n\t<meta name=\"twitter:data1\" content=\"1 minuta\" \/>\n<script type=\"application\/ld+json\" class=\"yoast-schema-graph\">{\"@context\":\"https:\/\/schema.org\",\"@graph\":[{\"@type\":\"WebPage\",\"@id\":\"https:\/\/biz.prawko.pl\/portal\/akademia-biz-prawko-pl\/\",\"url\":\"https:\/\/biz.prawko.pl\/portal\/akademia-biz-prawko-pl\/\",\"name\":\"Akademia Biz.prawko.pl Program Biz.prawko.pl\",\"isPartOf\":{\"@id\":\"https:\/\/biz.prawko.pl\/portal\/#website\"},\"datePublished\":\"2021-03-02T09:52:39+00:00\",\"dateModified\":\"2022-11-06T15:10:14+00:00\",\"breadcrumb\":{\"@id\":\"https:\/\/biz.prawko.pl\/portal\/akademia-biz-prawko-pl\/#breadcrumb\"},\"inLanguage\":\"pl-PL\",\"potentialAction\":[{\"@type\":\"ReadAction\",\"target\":[\"https:\/\/biz.prawko.pl\/portal\/akademia-biz-prawko-pl\/\"]}]},{\"@type\":\"BreadcrumbList\",\"@id\":\"https:\/\/biz.prawko.pl\/portal\/akademia-biz-prawko-pl\/#breadcrumb\",\"itemListElement\":[{\"@type\":\"ListItem\",\"position\":1,\"name\":\"Strona g\u0142\u00f3wna\",\"item\":\"https:\/\/biz.prawko.pl\/portal\/\"},{\"@type\":\"ListItem\",\"position\":2,\"name\":\"Akademia Biz.prawko.pl\"}]},{\"@type\":\"WebSite\",\"@id\":\"https:\/\/biz.prawko.pl\/portal\/#website\",\"url\":\"https:\/\/biz.prawko.pl\/portal\/\",\"name\":\"Program Biz.prawko.pl\",\"description\":\"program dla OSK\",\"publisher\":{\"@id\":\"https:\/\/biz.prawko.pl\/portal\/#organization\"},\"potentialAction\":[{\"@type\":\"SearchAction\",\"target\":{\"@type\":\"EntryPoint\",\"urlTemplate\":\"https:\/\/biz.prawko.pl\/portal\/?s={search_term_string}\"},\"query-input\":{\"@type\":\"PropertyValueSpecification\",\"valueRequired\":true,\"valueName\":\"search_term_string\"}}],\"inLanguage\":\"pl-PL\"},{\"@type\":\"Organization\",\"@id\":\"https:\/\/biz.prawko.pl\/portal\/#organization\",\"name\":\"Biz.prawko.pl\",\"url\":\"https:\/\/biz.prawko.pl\/portal\/\",\"logo\":{\"@type\":\"ImageObject\",\"inLanguage\":\"pl-PL\",\"@id\":\"https:\/\/biz.prawko.pl\/portal\/#\/schema\/logo\/image\/\",\"url\":\"https:\/\/biz.prawko.pl\/portal\/wp-content\/uploads\/2021\/04\/bizprawko.jpg\",\"contentUrl\":\"https:\/\/biz.prawko.pl\/portal\/wp-content\/uploads\/2021\/04\/bizprawko.jpg\",\"width\":300,\"height\":300,\"caption\":\"Biz.prawko.pl\"},\"image\":{\"@id\":\"https:\/\/biz.prawko.pl\/portal\/#\/schema\/logo\/image\/\"},\"sameAs\":[\"https:\/\/www.facebook.com\/bizprawkopl\",\"https:\/\/www.youtube.com\/channel\/UC_WQqwrnXJv_p4Gpu-HPa8g\"]}]}<\/script>\n<!-- \/ Yoast SEO plugin. -->","yoast_head_json":{"title":"Akademia Biz.prawko.pl Program Biz.prawko.pl","robots":{"index":"index","follow":"follow","max-snippet":"max-snippet:-1","max-image-preview":"max-image-preview:large","max-video-preview":"max-video-preview:-1"},"canonical":"https:\/\/biz.prawko.pl\/portal\/akademia-biz-prawko-pl\/","og_locale":"pl_PL","og_type":"article","og_title":"Akademia Biz.prawko.pl Program Biz.prawko.pl","og_url":"https:\/\/biz.prawko.pl\/portal\/akademia-biz-prawko-pl\/","og_site_name":"Program Biz.prawko.pl","article_publisher":"https:\/\/www.facebook.com\/bizprawkopl","article_modified_time":"2022-11-06T15:10:14+00:00","og_image":[{"width":300,"height":300,"url":"https:\/\/biz.prawko.pl\/portal\/wp-content\/uploads\/2021\/04\/bizprawko.jpg","type":"image\/jpeg"}],"twitter_card":"summary_large_image","twitter_misc":{"Szacowany czas czytania":"1 minuta"},"schema":{"@context":"https:\/\/schema.org","@graph":[{"@type":"WebPage","@id":"https:\/\/biz.prawko.pl\/portal\/akademia-biz-prawko-pl\/","url":"https:\/\/biz.prawko.pl\/portal\/akademia-biz-prawko-pl\/","name":"Akademia Biz.prawko.pl Program Biz.prawko.pl","isPartOf":{"@id":"https:\/\/biz.prawko.pl\/portal\/#website"},"datePublished":"2021-03-02T09:52:39+00:00","dateModified":"2022-11-06T15:10:14+00:00","breadcrumb":{"@id":"https:\/\/biz.prawko.pl\/portal\/akademia-biz-prawko-pl\/#breadcrumb"},"inLanguage":"pl-PL","potentialAction":[{"@type":"ReadAction","target":["https:\/\/biz.prawko.pl\/portal\/akademia-biz-prawko-pl\/"]}]},{"@type":"BreadcrumbList","@id":"https:\/\/biz.prawko.pl\/portal\/akademia-biz-prawko-pl\/#breadcrumb","itemListElement":[{"@type":"ListItem","position":1,"name":"Strona g\u0142\u00f3wna","item":"https:\/\/biz.prawko.pl\/portal\/"},{"@type":"ListItem","position":2,"name":"Akademia Biz.prawko.pl"}]},{"@type":"WebSite","@id":"https:\/\/biz.prawko.pl\/portal\/#website","url":"https:\/\/biz.prawko.pl\/portal\/","name":"Program Biz.prawko.pl","description":"program dla OSK","publisher":{"@id":"https:\/\/biz.prawko.pl\/portal\/#organization"},"potentialAction":[{"@type":"SearchAction","target":{"@type":"EntryPoint","urlTemplate":"https:\/\/biz.prawko.pl\/portal\/?s={search_term_string}"},"query-input":{"@type":"PropertyValueSpecification","valueRequired":true,"valueName":"search_term_string"}}],"inLanguage":"pl-PL"},{"@type":"Organization","@id":"https:\/\/biz.prawko.pl\/portal\/#organization","name":"Biz.prawko.pl","url":"https:\/\/biz.prawko.pl\/portal\/","logo":{"@type":"ImageObject","inLanguage":"pl-PL","@id":"https:\/\/biz.prawko.pl\/portal\/#\/schema\/logo\/image\/","url":"https:\/\/biz.prawko.pl\/portal\/wp-content\/uploads\/2021\/04\/bizprawko.jpg","contentUrl":"https:\/\/biz.prawko.pl\/portal\/wp-content\/uploads\/2021\/04\/bizprawko.jpg","width":300,"height":300,"caption":"Biz.prawko.pl"},"image":{"@id":"https:\/\/biz.prawko.pl\/portal\/#\/schema\/logo\/image\/"},"sameAs":["https:\/\/www.facebook.com\/bizprawkopl","https:\/\/www.youtube.com\/channel\/UC_WQqwrnXJv_p4Gpu-HPa8g"]}]}},"uagb_featured_image_src":{"full":false,"thumbnail":false,"medium":false,"medium_large":false,"large":false,"1536x1536":false,"2048x2048":false,"neve-blog":false},"uagb_author_info":{"display_name":"Krzysztof Syrek","author_link":"https:\/\/biz.prawko.pl\/portal\/blog\/author\/krzysztof-syrek\/"},"uagb_comment_info":0,"uagb_excerpt":null,"coauthors":[],"author_meta":{"author_link":"https:\/\/biz.prawko.pl\/portal\/blog\/author\/krzysztof-syrek\/","display_name":"Krzysztof Syrek"},"relative_dates":{"created":"Posted 5 lat ago","modified":"Updated 3 lata ago"},"absolute_dates":{"created":"Posted on 2 marca 2021","modified":"Updated on 6 listopada 2022"},"absolute_dates_time":{"created":"Posted on 2 marca 2021 10:52","modified":"Updated on 6 listopada 2022 16:10"},"featured_img_caption":"","featured_img":false,"series_order":"","_links":{"self":[{"href":"https:\/\/biz.prawko.pl\/portal\/wp-json\/wp\/v2\/pages\/332","targetHints":{"allow":["GET"]}}],"collection":[{"href":"https:\/\/biz.prawko.pl\/portal\/wp-json\/wp\/v2\/pages"}],"about":[{"href":"https:\/\/biz.prawko.pl\/portal\/wp-json\/wp\/v2\/types\/page"}],"author":[{"embeddable":true,"href":"https:\/\/biz.prawko.pl\/portal\/wp-json\/wp\/v2\/users\/2"}],"replies":[{"embeddable":true,"href":"https:\/\/biz.prawko.pl\/portal\/wp-json\/wp\/v2\/comments?post=332"}],"version-history":[{"count":58,"href":"https:\/\/biz.prawko.pl\/portal\/wp-json\/wp\/v2\/pages\/332\/revisions"}],"predecessor-version":[{"id":4313,"href":"https:\/\/biz.prawko.pl\/portal\/wp-json\/wp\/v2\/pages\/332\/revisions\/4313"}],"wp:attachment":[{"href":"https:\/\/biz.prawko.pl\/portal\/wp-json\/wp\/v2\/media?parent=332"}],"curies":[{"name":"wp","href":"https:\/\/api.w.org\/{rel}","templated":true}]}}