{"id":1540,"date":"2021-06-29T18:30:47","date_gmt":"2021-06-29T16:30:47","guid":{"rendered":"https:\/\/biz.prawko.pl\/portal\/?page_id=1540"},"modified":"2022-11-12T01:42:54","modified_gmt":"2022-11-12T00:42:54","slug":"szukamy-ciebie","status":"publish","type":"page","link":"https:\/\/biz.prawko.pl\/portal\/szukamy-ciebie\/","title":{"rendered":"Szukamy Ciebie?"},"content":{"rendered":"\n<div class=\"wp-block-columns are-vertically-aligned-center mainsection is-layout-flex wp-container-core-columns-is-layout-9d6595d7 wp-block-columns-is-layout-flex\">\n<div class=\"wp-block-column is-vertically-aligned-center pracaheader is-layout-flow wp-block-column-is-layout-flow\">\n<div class=\"wp-block-columns are-vertically-aligned-center subheadersectionfeature is-layout-flex wp-container-core-columns-is-layout-9d6595d7 wp-block-columns-is-layout-flex\">\n<div class=\"wp-block-column is-vertically-aligned-center is-layout-flow wp-block-column-is-layout-flow\">\n<div style=\"height:50px\" aria-hidden=\"true\" class=\"wp-block-spacer\"><\/div>\n\n\n\n<h2 class=\"has-text-align-center wp-block-heading\">Praca z Grup\u0105<br>E-kierowca<\/h2>\n\n\n\n<hr class=\"wp-block-separator has-css-opacity is-style-default\"\/>\n\n\n\n<h4 class=\"has-text-align-center wp-block-heading\">Poni\u017cej znajdziesz aktywne og\u0142oszenia.<\/h4>\n\n\n\n<div id=\"wp-block-themeisle-blocks-advanced-columns-bd1f6e11\" class=\"wp-block-themeisle-blocks-advanced-columns has-1-columns has-desktop-equal-layout has-tablet-equal-layout has-mobile-equal-layout has-vertical-unset\"><div class=\"wp-block-themeisle-blocks-advanced-columns-overlay\"><\/div><div class=\"innerblocks-wrap\">\n<div id=\"wp-block-themeisle-blocks-advanced-column-e3e7aa1a\" class=\"wp-block-themeisle-blocks-advanced-column\">\n<div class=\"wp-block-columns mainsection-grey is-layout-flex wp-container-core-columns-is-layout-9d6595d7 wp-block-columns-is-layout-flex\" id=\"harmonogram\">\n<div class=\"wp-block-column productsection is-layout-flow wp-block-column-is-layout-flow\">\n<div class=\"wp-block-columns are-vertically-aligned-center featuresection is-layout-flex wp-container-core-columns-is-layout-9d6595d7 wp-block-columns-is-layout-flex\">\n<div class=\"wp-block-column is-vertically-aligned-center is-layout-flow wp-block-column-is-layout-flow\" id=\"ofertypracy\">\n<h2 class=\"has-text-align-center wp-block-heading\">Aktualne oferty pracy<\/h2>\n\n\n\n<div class=\"wp-block-coblocks-accordion\">\n<div class=\"wp-block-coblocks-accordion-item\"><details><summary class=\"wp-block-coblocks-accordion-item__title\"><strong>New Business Development Specialist &#8211; Grupa E-kierowca<\/strong><\/summary><div class=\"wp-block-coblocks-accordion-item__content\">\n<p>Cze\u015b\u0107! Przyzwyczaj si\u0119, bo u nas m\u00f3wimy sobie cze\u015b\u0107 i skracamy dystans. Dzia\u0142amy energicznie i realnie wp\u0142ywamy na rynek. Grupa E-kierowca wprowadzi\u0142a bran\u017c\u0119 w \u015bwiat cyfryzacji, w \u015bwiat hybrydowego nauczania i dalej otwiera drzwi do innowacyjnych rozwi\u0105za\u0144.<br>Szukamy zmotywowanej, ambitnej oraz nastawionej na rezultaty osoby, kt\u00f3ra swoim dzia\u0142aniem da pozytywny wk\u0142ad do dzia\u0142u Growth i ca\u0142ej Grupy E-kierowca.<br>Szukamy kogo\u015b kto zajmie si\u0119 dynamicznym dzia\u0142aniem w sieci, pozyskuj\u0105c nowych klient\u00f3w, generuj\u0105c leady, rozwijaj\u0105c strategiczne rami\u0119 social sellingu.<br>To wszystko przy wsparciu nowoczesnych narz\u0119dzi automatyzuj\u0105cych prac\u0119 oraz do\u015bwiadczonych manager\u00f3w ds. rozwoju i sprzeda\u017cy.<\/p>\n\n\n\n<p>PROFIL PRACOWNIKA<\/p>\n\n\n\n<p>Orientacja na rozw\u00f3j kariery w sprzeda\u017cy i marketingu<br>Samodzielno\u015b\u0107, przedsi\u0119biorczo\u015b\u0107, skuteczno\u015b\u0107 oraz determinacja w d\u0105\u017ceniu do celu (kluczowy element sukcesu)<br>Doskona\u0142e zdolno\u015bci interpersonalne oraz talent do budowania relacji<br>Zainteresowanie nowymi technologiami<br>Elastyczno\u015b\u0107, dyspozycyjno\u015b\u0107 i gotowo\u015b\u0107 do podboju \u015bwiata<\/p>\n\n\n\n<p>TWOJE ZADANIA<\/p>\n\n\n\n<p>Pozyskiwanie nowych klient\u00f3w drog\u0105 online<br>Generowanie lead\u00f3w<br>Obs\u0142uga narz\u0119dzi do komunikacji (przygotowanie i wysy\u0142ka kampanii email marketingowych; wsparcie przy obs\u0142udze social media)<br>Prowadzenie transmisji live i rejestracja materia\u0142\u00f3w wideo (posiadamy dwa profesjonalne studia do nadawania zar\u00f3wno transmisji LIVE jak i rejestrowania materia\u0142\u00f3w do odtworzenia)<br>Generowanie pomys\u0142\u00f3w rozwojowych w celu pozyskiwania klient\u00f3w\/lead\u00f3w; to praca dla dynamicznej i tw\u00f3rczej osoby<br>Odpowiedzialno\u015b\u0107 za cz\u0119\u015b\u0107 cyklu sprzeda\u017cowego, od momentu pozyskania szansy sprzeda\u017cowej do przekazania jej do dzia\u0142u handlowego<br>Rozw\u00f3j obszaru self-service \u2013 czyli samodzielnej sprzeda\u017cy przez kana\u0142 online<br>Identyfikowanie klienta, segmentacja bazy, analiza potrzeb, budowa relacji<br>Realizacja za\u0142o\u017conych cel\u00f3w w budowaniu zasi\u0119gu, budowaniu portfela klient\u00f3w, rozwoju bazy<\/p>\n\n\n\n<p>DLA CIEBIE<\/p>\n\n\n\n<p>Du\u017ce mo\u017cliwo\u015bci rozwoju<br>Praca na nowoczesnych narz\u0119dziach automatyzuj\u0105cych prac\u0119 i sprzeda\u017c<br>Bud\u017cet na szkolenia<br>Wsp\u00f3\u0142praca z do\u015bwiadczonymi specjalistami<br>Laptop, komfortowe miejsce pracy (brak open space)<br>Umowa o prac\u0119 lub B2B<\/p>\n\n\n\n<p>Zg\u0142o\u015b si\u0119<br><\/p>\n\n\n\n<div class=\"wp-block-contact-form-7-contact-form-selector\"><p class=\"wpcf7-contact-form-not-found\"><strong>B\u0142\u0105d:<\/strong> Brak formularza kontaktowego.<\/p><\/div>\n<\/div><\/details><\/div>\n\n\n\n<div class=\"wp-block-coblocks-accordion-item\"><details><summary class=\"wp-block-coblocks-accordion-item__title\"><strong>Customer Success Specialist &#8211; Grupa E-kierowca<\/strong><\/summary><div class=\"wp-block-coblocks-accordion-item__content\">\n<p>Cze\u015b\u0107! Przyzwyczaj si\u0119, bo u nas m\u00f3wimy sobie cze\u015b\u0107 i skracamy dystans. Dzia\u0142amy energicznie i realnie wp\u0142ywamy na rynek. Grupa E-kierowca wprowadzi\u0142a bran\u017c\u0119 w \u015bwiat cyfryzacji, w \u015bwiat hybrydowego nauczania i dalej otwiera drzwi do innowacyjnych rozwi\u0105za\u0144.<br>Szukamy zmotywowanej, ambitnej oraz nastawionej na rezultaty osoby, kt\u00f3ra swoim dzia\u0142aniem da pozytywny wk\u0142ad do dzia\u0142u Customer Success i ca\u0142ej Grupy E-kierowca.<br>Szukamy kogo\u015b kto potrafi budowa\u0107 d\u0142ugotrwa\u0142e relacje oraz otoczy opiek\u0105 zar\u00f3wno naszych klient\u00f3w jak i dostarczy wsparcie w ramach prowadzonych projekt\u00f3w. Szukamy os\u00f3b, kt\u00f3re s\u0105 otwarte na dynamiczne dzia\u0142anie w sieciach spo\u0142eczno\u015bciowych, tak\u017ce w ramach transmisji LIVE.<\/p>\n\n\n\n<p>PROFIL PRACOWNIKA<\/p>\n\n\n\n<p>Orientacja na rozw\u00f3j kariery w obs\u0142udze klienta i marketingu<br>Samodzielno\u015b\u0107, przedsi\u0119biorczo\u015b\u0107, skuteczno\u015b\u0107 oraz determinacja w d\u0105\u017ceniu do celu (kluczowy element sukcesu)<br>Doskona\u0142e zdolno\u015bci interpersonalne oraz talent do budowania relacji<br>Zainteresowanie nowymi technologiami<br>Elastyczno\u015b\u0107, dyspozycyjno\u015b\u0107 i gotowo\u015b\u0107 do podboju \u015bwiata<br>Mile widziana znajomo\u015b\u0107 j\u0119zyka angielskiego<\/p>\n\n\n\n<p>TWOJE ZADANIA<\/p>\n\n\n\n<p>Obs\u0142uga narz\u0119dzi do komunikacji (przygotowanie i wysy\u0142ka kampanii email marketingowych; wsparcie przy obs\u0142udze social media)<br>Prowadzenie transmisji live i rejestracja materia\u0142\u00f3w wideo (posiadamy dwa profesjonalne studia do nadawania zar\u00f3wno transmisji LIVE jak i rejestrowania materia\u0142\u00f3w do odtworzenia)<br>Generowanie pomys\u0142\u00f3w rozwojowych w celu skuteczniejszej obs\u0142ugi klienta<br>Rozw\u00f3j obszaru self-service czyli samodzielnej obs\u0142ugi przez kana\u0142 online<br>Identyfikowanie klienta, segmentacja bazy, analiza potrzeb, budowa relacji<br>Wsparcie techniczne klient\u00f3w w zakresie obs\u0142ugi produkt\u00f3w firmy,<br>Obs\u0142uga reklamacji,<br>Testowanie aplikacji tworzonych przez firm\u0119,<br>Analiza zg\u0142osze\u0144 klient\u00f3w,<br>Przygotowanie instrukcji produktowych w formie technicznej i marketingowej,<br>Obs\u0142uga klient\u00f3w zgodnie z obowi\u0105zuj\u0105cymi standardami,<br>Odpowiedzialno\u015b\u0107 za prawid\u0142owy obieg dokument\u00f3w,<br>Prowadzenie korespondencji,<br>Utrzymanie kontaktu telefonicznego z klientami,<br>Wykonywanie polece\u0144 bezpo\u015bredniego prze\u0142o\u017conego i innych prac zleconych,<br>Sk\u0142adanie raport\u00f3w z wykonania powierzonych zada\u0144,<br>Obs\u0142uga medi\u00f3w spo\u0142eczno\u015bciowych,<br>Video marketing,<br>Udzia\u0142 w produkcjach wideo,<\/p>\n\n\n\n<p>DLA CIEBIE<\/p>\n\n\n\n<p>Du\u017ce mo\u017cliwo\u015bci rozwoju<br>Praca na nowoczesnych narz\u0119dziach automatyzuj\u0105cych prac\u0119 i sprzeda\u017c<br>Bud\u017cet na szkolenia<br>Wsp\u00f3\u0142praca z do\u015bwiadczonymi specjalistami<br>Laptop, komfortowe miejsce pracy (brak open space)<br>Umowa o prac\u0119 lub B2B<\/p>\n\n\n\n<p>Zg\u0142o\u015b si\u0119<br><\/p>\n\n\n\n<div class=\"wp-block-contact-form-7-contact-form-selector\"><p class=\"wpcf7-contact-form-not-found\"><strong>B\u0142\u0105d:<\/strong> Brak formularza kontaktowego.<\/p><\/div>\n<\/div><\/details><\/div>\n\n\n\n<div class=\"wp-block-coblocks-accordion-item\"><details><summary class=\"wp-block-coblocks-accordion-item__title\"><strong>Nie ma og\u0142oszenia dla Ciebie?<\/strong><\/summary><div class=\"wp-block-coblocks-accordion-item__content\">\n<p>Oczywi\u015bcie, to \u017ce akurat nie ma aktywnego zg\u0142oszenia, nie znaczy, \u017ce nie mo\u017cesz nam wys\u0142a\u0107 swojej propozycji! Wysy\u0142aj \u015bmia\u0142o!<\/p>\n\n\n\n<p>Zg\u0142o\u015b si\u0119<br><\/p>\n\n\n\n<div class=\"wp-block-contact-form-7-contact-form-selector\"><p class=\"wpcf7-contact-form-not-found\"><strong>B\u0142\u0105d:<\/strong> Brak formularza kontaktowego.<\/p><\/div>\n<\/div><\/details><\/div>\n<\/div>\n<\/div>\n<\/div>\n<\/div>\n<\/div>\n<\/div>\n<\/div><\/div>\n<\/div>\n<\/div>\n<\/div>\n<\/div>\n","protected":false},"excerpt":{"rendered":"<p>Praca z Grup\u0105E-kierowca Poni\u017cej znajdziesz aktywne og\u0142oszenia.<\/p>\n","protected":false},"author":2,"featured_media":0,"parent":0,"menu_order":0,"comment_status":"closed","ping_status":"closed","template":"page-templates\/template-pagebuilder-full-width.php","meta":{"_coblocks_attr":"","_coblocks_dimensions":"","_coblocks_responsive_height":"","_coblocks_accordion_ie_support":"","_uag_custom_page_level_css":"","advgb_blocks_editor_width":"","advgb_blocks_columns_visual_guide":"","neve_meta_sidebar":"full-width","neve_meta_container":"full-width","neve_meta_enable_content_width":"on","neve_meta_content_width":100,"neve_meta_title_alignment":"center","neve_meta_author_avatar":"","neve_post_elements_order":"","neve_meta_disable_header":"","neve_meta_disable_footer":"","neve_meta_disable_title":"on","_themeisle_gutenberg_block_has_review":false,"footnotes":""},"class_list":["post-1540","page","type-page","status-publish","hentry"],"yoast_head":"<!-- This site is optimized with the Yoast SEO plugin v24.7 - https:\/\/yoast.com\/wordpress\/plugins\/seo\/ -->\n<title>Szukamy Ciebie? Program Biz.prawko.pl<\/title>\n<meta name=\"robots\" content=\"index, follow, max-snippet:-1, max-image-preview:large, max-video-preview:-1\" \/>\n<link rel=\"canonical\" href=\"https:\/\/biz.prawko.pl\/portal\/szukamy-ciebie\/\" \/>\n<meta property=\"og:locale\" content=\"pl_PL\" \/>\n<meta property=\"og:type\" content=\"article\" \/>\n<meta property=\"og:title\" content=\"Szukamy Ciebie? Program Biz.prawko.pl\" \/>\n<meta property=\"og:description\" content=\"Praca z Grup\u0105E-kierowca Poni\u017cej znajdziesz aktywne og\u0142oszenia.\" \/>\n<meta property=\"og:url\" content=\"https:\/\/biz.prawko.pl\/portal\/szukamy-ciebie\/\" \/>\n<meta property=\"og:site_name\" content=\"Program Biz.prawko.pl\" \/>\n<meta property=\"article:publisher\" content=\"https:\/\/www.facebook.com\/bizprawkopl\" \/>\n<meta property=\"article:modified_time\" content=\"2022-11-12T00:42:54+00:00\" \/>\n<meta property=\"og:image\" content=\"https:\/\/biz.prawko.pl\/portal\/wp-content\/uploads\/2021\/04\/bizprawko.jpg\" \/>\n\t<meta property=\"og:image:width\" content=\"300\" \/>\n\t<meta property=\"og:image:height\" content=\"300\" \/>\n\t<meta property=\"og:image:type\" content=\"image\/jpeg\" \/>\n<meta name=\"twitter:card\" content=\"summary_large_image\" \/>\n<meta name=\"twitter:label1\" content=\"Szacowany czas czytania\" \/>\n\t<meta name=\"twitter:data1\" content=\"4 minuty\" \/>\n<script type=\"application\/ld+json\" class=\"yoast-schema-graph\">{\"@context\":\"https:\/\/schema.org\",\"@graph\":[{\"@type\":\"WebPage\",\"@id\":\"https:\/\/biz.prawko.pl\/portal\/szukamy-ciebie\/\",\"url\":\"https:\/\/biz.prawko.pl\/portal\/szukamy-ciebie\/\",\"name\":\"Szukamy Ciebie? Program Biz.prawko.pl\",\"isPartOf\":{\"@id\":\"https:\/\/biz.prawko.pl\/portal\/#website\"},\"datePublished\":\"2021-06-29T16:30:47+00:00\",\"dateModified\":\"2022-11-12T00:42:54+00:00\",\"breadcrumb\":{\"@id\":\"https:\/\/biz.prawko.pl\/portal\/szukamy-ciebie\/#breadcrumb\"},\"inLanguage\":\"pl-PL\",\"potentialAction\":[{\"@type\":\"ReadAction\",\"target\":[\"https:\/\/biz.prawko.pl\/portal\/szukamy-ciebie\/\"]}]},{\"@type\":\"BreadcrumbList\",\"@id\":\"https:\/\/biz.prawko.pl\/portal\/szukamy-ciebie\/#breadcrumb\",\"itemListElement\":[{\"@type\":\"ListItem\",\"position\":1,\"name\":\"Strona g\u0142\u00f3wna\",\"item\":\"https:\/\/biz.prawko.pl\/portal\/\"},{\"@type\":\"ListItem\",\"position\":2,\"name\":\"Szukamy Ciebie?\"}]},{\"@type\":\"WebSite\",\"@id\":\"https:\/\/biz.prawko.pl\/portal\/#website\",\"url\":\"https:\/\/biz.prawko.pl\/portal\/\",\"name\":\"Program Biz.prawko.pl\",\"description\":\"program dla OSK\",\"publisher\":{\"@id\":\"https:\/\/biz.prawko.pl\/portal\/#organization\"},\"potentialAction\":[{\"@type\":\"SearchAction\",\"target\":{\"@type\":\"EntryPoint\",\"urlTemplate\":\"https:\/\/biz.prawko.pl\/portal\/?s={search_term_string}\"},\"query-input\":{\"@type\":\"PropertyValueSpecification\",\"valueRequired\":true,\"valueName\":\"search_term_string\"}}],\"inLanguage\":\"pl-PL\"},{\"@type\":\"Organization\",\"@id\":\"https:\/\/biz.prawko.pl\/portal\/#organization\",\"name\":\"Biz.prawko.pl\",\"url\":\"https:\/\/biz.prawko.pl\/portal\/\",\"logo\":{\"@type\":\"ImageObject\",\"inLanguage\":\"pl-PL\",\"@id\":\"https:\/\/biz.prawko.pl\/portal\/#\/schema\/logo\/image\/\",\"url\":\"https:\/\/biz.prawko.pl\/portal\/wp-content\/uploads\/2021\/04\/bizprawko.jpg\",\"contentUrl\":\"https:\/\/biz.prawko.pl\/portal\/wp-content\/uploads\/2021\/04\/bizprawko.jpg\",\"width\":300,\"height\":300,\"caption\":\"Biz.prawko.pl\"},\"image\":{\"@id\":\"https:\/\/biz.prawko.pl\/portal\/#\/schema\/logo\/image\/\"},\"sameAs\":[\"https:\/\/www.facebook.com\/bizprawkopl\",\"https:\/\/www.youtube.com\/channel\/UC_WQqwrnXJv_p4Gpu-HPa8g\"]}]}<\/script>\n<!-- \/ Yoast SEO plugin. -->","yoast_head_json":{"title":"Szukamy Ciebie? Program Biz.prawko.pl","robots":{"index":"index","follow":"follow","max-snippet":"max-snippet:-1","max-image-preview":"max-image-preview:large","max-video-preview":"max-video-preview:-1"},"canonical":"https:\/\/biz.prawko.pl\/portal\/szukamy-ciebie\/","og_locale":"pl_PL","og_type":"article","og_title":"Szukamy Ciebie? Program Biz.prawko.pl","og_description":"Praca z Grup\u0105E-kierowca Poni\u017cej znajdziesz aktywne og\u0142oszenia.","og_url":"https:\/\/biz.prawko.pl\/portal\/szukamy-ciebie\/","og_site_name":"Program Biz.prawko.pl","article_publisher":"https:\/\/www.facebook.com\/bizprawkopl","article_modified_time":"2022-11-12T00:42:54+00:00","og_image":[{"width":300,"height":300,"url":"https:\/\/biz.prawko.pl\/portal\/wp-content\/uploads\/2021\/04\/bizprawko.jpg","type":"image\/jpeg"}],"twitter_card":"summary_large_image","twitter_misc":{"Szacowany czas czytania":"4 minuty"},"schema":{"@context":"https:\/\/schema.org","@graph":[{"@type":"WebPage","@id":"https:\/\/biz.prawko.pl\/portal\/szukamy-ciebie\/","url":"https:\/\/biz.prawko.pl\/portal\/szukamy-ciebie\/","name":"Szukamy Ciebie? Program Biz.prawko.pl","isPartOf":{"@id":"https:\/\/biz.prawko.pl\/portal\/#website"},"datePublished":"2021-06-29T16:30:47+00:00","dateModified":"2022-11-12T00:42:54+00:00","breadcrumb":{"@id":"https:\/\/biz.prawko.pl\/portal\/szukamy-ciebie\/#breadcrumb"},"inLanguage":"pl-PL","potentialAction":[{"@type":"ReadAction","target":["https:\/\/biz.prawko.pl\/portal\/szukamy-ciebie\/"]}]},{"@type":"BreadcrumbList","@id":"https:\/\/biz.prawko.pl\/portal\/szukamy-ciebie\/#breadcrumb","itemListElement":[{"@type":"ListItem","position":1,"name":"Strona g\u0142\u00f3wna","item":"https:\/\/biz.prawko.pl\/portal\/"},{"@type":"ListItem","position":2,"name":"Szukamy Ciebie?"}]},{"@type":"WebSite","@id":"https:\/\/biz.prawko.pl\/portal\/#website","url":"https:\/\/biz.prawko.pl\/portal\/","name":"Program Biz.prawko.pl","description":"program dla OSK","publisher":{"@id":"https:\/\/biz.prawko.pl\/portal\/#organization"},"potentialAction":[{"@type":"SearchAction","target":{"@type":"EntryPoint","urlTemplate":"https:\/\/biz.prawko.pl\/portal\/?s={search_term_string}"},"query-input":{"@type":"PropertyValueSpecification","valueRequired":true,"valueName":"search_term_string"}}],"inLanguage":"pl-PL"},{"@type":"Organization","@id":"https:\/\/biz.prawko.pl\/portal\/#organization","name":"Biz.prawko.pl","url":"https:\/\/biz.prawko.pl\/portal\/","logo":{"@type":"ImageObject","inLanguage":"pl-PL","@id":"https:\/\/biz.prawko.pl\/portal\/#\/schema\/logo\/image\/","url":"https:\/\/biz.prawko.pl\/portal\/wp-content\/uploads\/2021\/04\/bizprawko.jpg","contentUrl":"https:\/\/biz.prawko.pl\/portal\/wp-content\/uploads\/2021\/04\/bizprawko.jpg","width":300,"height":300,"caption":"Biz.prawko.pl"},"image":{"@id":"https:\/\/biz.prawko.pl\/portal\/#\/schema\/logo\/image\/"},"sameAs":["https:\/\/www.facebook.com\/bizprawkopl","https:\/\/www.youtube.com\/channel\/UC_WQqwrnXJv_p4Gpu-HPa8g"]}]}},"uagb_featured_image_src":{"full":false,"thumbnail":false,"medium":false,"medium_large":false,"large":false,"1536x1536":false,"2048x2048":false,"neve-blog":false},"uagb_author_info":{"display_name":"Krzysztof Syrek","author_link":"https:\/\/biz.prawko.pl\/portal\/blog\/author\/krzysztof-syrek\/"},"uagb_comment_info":0,"uagb_excerpt":"Praca z Grup\u0105E-kierowca Poni\u017cej znajdziesz aktywne og\u0142oszenia.","coauthors":[],"author_meta":{"author_link":"https:\/\/biz.prawko.pl\/portal\/blog\/author\/krzysztof-syrek\/","display_name":"Krzysztof Syrek"},"relative_dates":{"created":"Posted 5 lat ago","modified":"Updated 3 lata ago"},"absolute_dates":{"created":"Posted on 29 czerwca 2021","modified":"Updated on 12 listopada 2022"},"absolute_dates_time":{"created":"Posted on 29 czerwca 2021 18:30","modified":"Updated on 12 listopada 2022 01:42"},"featured_img_caption":"","featured_img":false,"series_order":"","_links":{"self":[{"href":"https:\/\/biz.prawko.pl\/portal\/wp-json\/wp\/v2\/pages\/1540","targetHints":{"allow":["GET"]}}],"collection":[{"href":"https:\/\/biz.prawko.pl\/portal\/wp-json\/wp\/v2\/pages"}],"about":[{"href":"https:\/\/biz.prawko.pl\/portal\/wp-json\/wp\/v2\/types\/page"}],"author":[{"embeddable":true,"href":"https:\/\/biz.prawko.pl\/portal\/wp-json\/wp\/v2\/users\/2"}],"replies":[{"embeddable":true,"href":"https:\/\/biz.prawko.pl\/portal\/wp-json\/wp\/v2\/comments?post=1540"}],"version-history":[{"count":21,"href":"https:\/\/biz.prawko.pl\/portal\/wp-json\/wp\/v2\/pages\/1540\/revisions"}],"predecessor-version":[{"id":3468,"href":"https:\/\/biz.prawko.pl\/portal\/wp-json\/wp\/v2\/pages\/1540\/revisions\/3468"}],"wp:attachment":[{"href":"https:\/\/biz.prawko.pl\/portal\/wp-json\/wp\/v2\/media?parent=1540"}],"curies":[{"name":"wp","href":"https:\/\/api.w.org\/{rel}","templated":true}]}}