{"id":1473,"date":"2021-05-25T16:28:51","date_gmt":"2021-05-25T14:28:51","guid":{"rendered":"https:\/\/biz.prawko.pl\/portal\/?page_id=1473"},"modified":"2021-11-04T23:41:15","modified_gmt":"2021-11-04T22:41:15","slug":"co-musisz-wiedziec-o-kursie-na-instruktora-nauki-jazdy","status":"publish","type":"page","link":"https:\/\/biz.prawko.pl\/portal\/co-musisz-wiedziec-o-kursie-na-instruktora-nauki-jazdy\/","title":{"rendered":"Co musisz wiedzie\u0107 o Kursie na Instruktora Nauki Jazdy"},"content":{"rendered":"\n<section class=\"wp-block-uagb-section uagb-section__wrap uagb-section__background-image uagb-block-22028ffa\"><div class=\"uagb-section__overlay\"><\/div><div class=\"uagb-section__inner-wrap\">\n<div style=\"height:30px\" aria-hidden=\"true\" class=\"wp-block-spacer\"><\/div>\n\n\n\n<div class=\"wp-block-columns is-layout-flex wp-container-core-columns-is-layout-9d6595d7 wp-block-columns-is-layout-flex\">\n<div class=\"wp-block-column is-layout-flow wp-block-column-is-layout-flow\">\n<h2 class=\"has-text-align-left has-huge-font-size wp-block-heading\"><meta charset=\"utf-8\">Co musisz wiedzie\u0107<\/h2>\n\n\n\n<h2 class=\"has-text-align-left has-huge-font-size wp-block-heading\">o Kursie na Instruktora Nauki Jazdy<\/h2>\n\n\n\n<h2 class=\"has-text-align-left wp-block-heading\">1. Dla kogo jest ten kurs?&nbsp;<\/h2>\n\n\n\n<p>Kurs przeznaczony jest dla os\u00f3b, kt\u00f3re staraj\u0105 si\u0119 o uprawnienia instruktora nauki jazdy dowolnej kategorii.&nbsp;<\/p>\n\n\n\n<p>Je\u015bli spe\u0142niasz poni\u017csze wymagania, ten kurs jest dla Ciebie:<\/p>\n\n\n\n<ul class=\"wp-block-list\"><li>prawo jazdy odpowiedniej kategorii (2 lata dla kat. A i B, 3 lata dla kat. C)<\/li><li>niekaralno\u015b\u0107 przeciwko przepisom ruchu drogowego&nbsp;<\/li><li>brak przeciwwskaza\u0144 zdrowotnych i psychologicznych (badania lekarskie)<\/li><\/ul>\n<\/div>\n\n\n\n<div class=\"wp-block-column is-layout-flow wp-block-column-is-layout-flow\"><\/div>\n<\/div>\n<\/div><\/section>\n\n\n\n<section class=\"wp-block-uagb-section uagb-section__wrap uagb-section__background-undefined uagb-block-e1c5542e\"><div class=\"uagb-section__overlay\"><\/div><div class=\"uagb-section__inner-wrap\">\n<div style=\"height:30px\" aria-hidden=\"true\" class=\"wp-block-spacer\"><\/div>\n\n\n\n<h2 class=\"has-text-align-left wp-block-heading\">2. Czy ten kurs jest bezp\u0142atny?<\/h2>\n\n\n\n<p>Kurs nie jest bezp\u0142atny ani refundowany. Jednak dzi\u0119ki porozumieniu z najlepszymi superOSK w Polsce ma on atrakcyjn\u0105 cen\u0119. Na ca\u0142kowity koszt uzyskania uprawnie\u0144 sk\u0142adaj\u0105 si\u0119 nast\u0119puj\u0105ce elementy:&nbsp;<\/p>\n\n\n\n<figure class=\"wp-block-table\"><table><tbody><tr><td><strong>Pozycja<\/strong><\/td><td><strong>koszt w z\u0142<\/strong><\/td><\/tr><tr><td>Badania lekarskie<\/td><td>200<\/td><\/tr><tr><td>Badania psychologiczne<\/td><td>150<\/td><\/tr><tr><td>Za\u015bwiadczenie o niekaralno\u015bci<\/td><td>30<\/td><\/tr><tr><td>Egzamin kat B<\/td><td>340<\/td><\/tr><tr><td>Egzamin kat A, C, D<\/td><td>360<\/td><\/tr><tr><td>Kurs na instruktora nauki jazdy kat. A<\/td><td>3200<\/td><\/tr><tr><td>Kurs na instruktora nauki jazdy kat. B<\/td><td>3200<\/td><\/tr><tr><td>Kurs na instruktora nauki jazdy kat. C<\/td><td>3200<\/td><\/tr><tr><td>Kurs na instruktora nauki jazdy kat. D<\/td><td>3200<\/td><\/tr><\/tbody><\/table><\/figure>\n\n\n\n<div style=\"height:30px\" aria-hidden=\"true\" class=\"wp-block-spacer\"><\/div>\n\n\n\n<h2 class=\"has-text-align-left wp-block-heading\">3. Gdzie odbywaj\u0105 si\u0119 zaj\u0119cia?<\/h2>\n\n\n\n<p>Szkolenie sk\u0142ada si\u0119 z cz\u0119\u015bci teoretycznej i cz\u0119\u015bci praktycznej.&nbsp;<\/p>\n\n\n\n<p><strong>Cz\u0119\u015b\u0107 teoretyczna<\/strong>&nbsp;szkolenia odbywa si\u0119 zdalnie. Wyk\u0142ady transmitowane s\u0105 przez internet zgodnie z harmonogramem:&nbsp;<a href=\"https:\/\/biz.prawko.pl\/portal\/kurs-instruktora-nauki-jazdy\/\">[<\/a><a href=\"https:\/\/biz.prawko.pl\/portal\/kurs-instruktora-nauki-jazdy-harmonogram\/\">TUTAJ<\/a><a href=\"https:\/\/biz.prawko.pl\/portal\/kurs-instruktora-nauki-jazdy\/\">]<\/a>. Mo\u017cesz bra\u0107 w nich udzia\u0142, u\u017cywaj\u0105c smartfona, tabletu lub komputera.&nbsp;<\/p>\n\n\n\n<p>W ramach kursu otrzymujesz tak\u017ce dost\u0119p do e-learningowych materia\u0142\u00f3w dydaktycznych i bazy pyta\u0144 testowych, aby m\u00f3c w pe\u0142ni przygotowa\u0107 si\u0119 do egzaminu.<\/p>\n\n\n\n<p><strong>Cz\u0119\u015b\u0107 praktyczna<\/strong>&nbsp;szkolenia odbywa si\u0119 w Twojej najbli\u017cszej okolicy w ustalonych z Tob\u0105 i dogodnych dla Ciebie terminach.<\/p>\n\n\n\n<div style=\"height:30px\" aria-hidden=\"true\" class=\"wp-block-spacer\"><\/div>\n\n\n\n<h2 class=\"has-text-align-left wp-block-heading\">4. Kiedy zaczyna si\u0119 ten kurs?<\/h2>\n\n\n\n<p>Zaj\u0119cia teoretyczne odbywaj\u0105 si\u0119 w cyklu, a zaj\u0119cia praktyczne dopasowujesz do swoich mo\u017cliwo\u015bci czasowych. Tym samym szkolenie mo\u017cesz rozpocz\u0105\u0107 w dowolnym momencie.<\/p>\n\n\n\n<div style=\"height:30px\" aria-hidden=\"true\" class=\"wp-block-spacer\"><\/div>\n\n\n\n<h2 class=\"has-text-align-left wp-block-heading\">5. Jak zacz\u0105\u0107?<\/h2>\n\n\n\n<p>Skontaktuj si\u0119 z jednym z naszych konsultant\u00f3w [<a href=\"https:\/\/biz.prawko.pl\/portal\/kurs-instruktora-nauki-jazdy\/\">TUTAJ<\/a>], kt\u00f3ry udzieli Ci szczeg\u00f3\u0142owych informacji na temat samego szkolenia i przydzieli Ci\u0119 do jednego ze wsp\u00f3\u0142pracuj\u0105cych z nami Super O\u015brodk\u00f3w, kt\u00f3re zajm\u0105 si\u0119 formalno\u015bciami i praktyczn\u0105 cz\u0119\u015bci\u0105 szkolenia.&nbsp;<\/p>\n\n\n\n<div style=\"height:30px\" aria-hidden=\"true\" class=\"wp-block-spacer\"><\/div>\n\n\n\n<h2 class=\"has-text-align-left wp-block-heading\">6. Co musisz przygotowa\u0107 na pocz\u0105tek?&nbsp;<\/h2>\n\n\n\n<ol class=\"wp-block-list\"><li>Badanie lekarskie \u2013 lekarz medycyny pracy (dla kandydata na instruktora nauki jazdy)<\/li><li>Badanie psychologiczne \u2013 psycholog (dla kandydata na instruktora nauki jazdy)<\/li><li>Za\u015bwiadczenie o niekaralno\u015bci (dla kandydata na instruktora nauki jazdy)<\/li><\/ol>\n\n\n\n<ul class=\"wp-block-list\"><li>online \u2013 [<a href=\"https:\/\/www.gov.pl\/web\/gov\/uzyskaj-zaswiadczenie-z-krajowego-rejestru-karnego\">https:\/\/www.gov.pl\/web\/gov\/uzyskaj-zaswiadczenie-z-krajowego-rejestru-karnego<\/a>] (koszt 30 z\u0142, czas oczekiwania 7 dni)<\/li><li>stacjonarnie \u2013 Punkt Informacyjny Krajowego Rejestru Karnego przy w\u0142a\u015bciwym S\u0105dzie Okr\u0119gowym (koszt 30 z\u0142, od r\u0119ki).<\/li><\/ul>\n<\/div><\/section>\n\n\n\n<section class=\"wp-block-uagb-section uagb-section__wrap uagb-section__background-undefined uagb-block-76be0e10\"><div class=\"uagb-section__overlay\"><\/div><div class=\"uagb-section__inner-wrap\"><\/div><\/section>\n\n\n\n<div style=\"height:100px\" aria-hidden=\"true\" class=\"wp-block-spacer\"><\/div>\n","protected":false},"excerpt":{"rendered":"","protected":false},"author":2,"featured_media":0,"parent":0,"menu_order":0,"comment_status":"closed","ping_status":"closed","template":"","meta":{"_coblocks_attr":"","_coblocks_dimensions":"","_coblocks_responsive_height":"","_coblocks_accordion_ie_support":"","_uag_custom_page_level_css":"","advgb_blocks_editor_width":"","advgb_blocks_columns_visual_guide":"","neve_meta_sidebar":"full-width","neve_meta_container":"contained","neve_meta_enable_content_width":"on","neve_meta_content_width":100,"neve_meta_title_alignment":"","neve_meta_author_avatar":"","neve_post_elements_order":"","neve_meta_disable_header":"","neve_meta_disable_footer":"","neve_meta_disable_title":"on","_themeisle_gutenberg_block_has_review":false,"footnotes":""},"class_list":["post-1473","page","type-page","status-publish","hentry"],"yoast_head":"<!-- This site is optimized with the Yoast SEO plugin v24.7 - https:\/\/yoast.com\/wordpress\/plugins\/seo\/ -->\n<title>Co musisz wiedzie\u0107 o Kursie na Instruktora Nauki Jazdy Program Biz.prawko.pl<\/title>\n<meta name=\"robots\" content=\"index, follow, max-snippet:-1, max-image-preview:large, max-video-preview:-1\" \/>\n<link rel=\"canonical\" href=\"https:\/\/biz.prawko.pl\/portal\/co-musisz-wiedziec-o-kursie-na-instruktora-nauki-jazdy\/\" \/>\n<meta property=\"og:locale\" content=\"pl_PL\" \/>\n<meta property=\"og:type\" content=\"article\" \/>\n<meta property=\"og:title\" content=\"Co musisz wiedzie\u0107 o Kursie na Instruktora Nauki Jazdy Program Biz.prawko.pl\" \/>\n<meta property=\"og:url\" content=\"https:\/\/biz.prawko.pl\/portal\/co-musisz-wiedziec-o-kursie-na-instruktora-nauki-jazdy\/\" \/>\n<meta property=\"og:site_name\" content=\"Program Biz.prawko.pl\" \/>\n<meta property=\"article:publisher\" content=\"https:\/\/www.facebook.com\/bizprawkopl\" \/>\n<meta property=\"article:modified_time\" content=\"2021-11-04T22:41:15+00:00\" \/>\n<meta property=\"og:image\" content=\"https:\/\/biz.prawko.pl\/portal\/wp-content\/uploads\/2021\/04\/bizprawko.jpg\" \/>\n\t<meta property=\"og:image:width\" content=\"300\" \/>\n\t<meta property=\"og:image:height\" content=\"300\" \/>\n\t<meta property=\"og:image:type\" content=\"image\/jpeg\" \/>\n<meta name=\"twitter:card\" content=\"summary_large_image\" \/>\n<meta name=\"twitter:label1\" content=\"Szacowany czas czytania\" \/>\n\t<meta name=\"twitter:data1\" content=\"2 minuty\" \/>\n<script type=\"application\/ld+json\" class=\"yoast-schema-graph\">{\"@context\":\"https:\/\/schema.org\",\"@graph\":[{\"@type\":\"WebPage\",\"@id\":\"https:\/\/biz.prawko.pl\/portal\/co-musisz-wiedziec-o-kursie-na-instruktora-nauki-jazdy\/\",\"url\":\"https:\/\/biz.prawko.pl\/portal\/co-musisz-wiedziec-o-kursie-na-instruktora-nauki-jazdy\/\",\"name\":\"Co musisz wiedzie\u0107 o Kursie na Instruktora Nauki Jazdy Program Biz.prawko.pl\",\"isPartOf\":{\"@id\":\"https:\/\/biz.prawko.pl\/portal\/#website\"},\"datePublished\":\"2021-05-25T14:28:51+00:00\",\"dateModified\":\"2021-11-04T22:41:15+00:00\",\"breadcrumb\":{\"@id\":\"https:\/\/biz.prawko.pl\/portal\/co-musisz-wiedziec-o-kursie-na-instruktora-nauki-jazdy\/#breadcrumb\"},\"inLanguage\":\"pl-PL\",\"potentialAction\":[{\"@type\":\"ReadAction\",\"target\":[\"https:\/\/biz.prawko.pl\/portal\/co-musisz-wiedziec-o-kursie-na-instruktora-nauki-jazdy\/\"]}]},{\"@type\":\"BreadcrumbList\",\"@id\":\"https:\/\/biz.prawko.pl\/portal\/co-musisz-wiedziec-o-kursie-na-instruktora-nauki-jazdy\/#breadcrumb\",\"itemListElement\":[{\"@type\":\"ListItem\",\"position\":1,\"name\":\"Strona g\u0142\u00f3wna\",\"item\":\"https:\/\/biz.prawko.pl\/portal\/\"},{\"@type\":\"ListItem\",\"position\":2,\"name\":\"Co musisz wiedzie\u0107 o Kursie na Instruktora Nauki Jazdy\"}]},{\"@type\":\"WebSite\",\"@id\":\"https:\/\/biz.prawko.pl\/portal\/#website\",\"url\":\"https:\/\/biz.prawko.pl\/portal\/\",\"name\":\"Program Biz.prawko.pl\",\"description\":\"program dla OSK\",\"publisher\":{\"@id\":\"https:\/\/biz.prawko.pl\/portal\/#organization\"},\"potentialAction\":[{\"@type\":\"SearchAction\",\"target\":{\"@type\":\"EntryPoint\",\"urlTemplate\":\"https:\/\/biz.prawko.pl\/portal\/?s={search_term_string}\"},\"query-input\":{\"@type\":\"PropertyValueSpecification\",\"valueRequired\":true,\"valueName\":\"search_term_string\"}}],\"inLanguage\":\"pl-PL\"},{\"@type\":\"Organization\",\"@id\":\"https:\/\/biz.prawko.pl\/portal\/#organization\",\"name\":\"Biz.prawko.pl\",\"url\":\"https:\/\/biz.prawko.pl\/portal\/\",\"logo\":{\"@type\":\"ImageObject\",\"inLanguage\":\"pl-PL\",\"@id\":\"https:\/\/biz.prawko.pl\/portal\/#\/schema\/logo\/image\/\",\"url\":\"https:\/\/biz.prawko.pl\/portal\/wp-content\/uploads\/2021\/04\/bizprawko.jpg\",\"contentUrl\":\"https:\/\/biz.prawko.pl\/portal\/wp-content\/uploads\/2021\/04\/bizprawko.jpg\",\"width\":300,\"height\":300,\"caption\":\"Biz.prawko.pl\"},\"image\":{\"@id\":\"https:\/\/biz.prawko.pl\/portal\/#\/schema\/logo\/image\/\"},\"sameAs\":[\"https:\/\/www.facebook.com\/bizprawkopl\",\"https:\/\/www.youtube.com\/channel\/UC_WQqwrnXJv_p4Gpu-HPa8g\"]}]}<\/script>\n<!-- \/ Yoast SEO plugin. -->","yoast_head_json":{"title":"Co musisz wiedzie\u0107 o Kursie na Instruktora Nauki Jazdy Program Biz.prawko.pl","robots":{"index":"index","follow":"follow","max-snippet":"max-snippet:-1","max-image-preview":"max-image-preview:large","max-video-preview":"max-video-preview:-1"},"canonical":"https:\/\/biz.prawko.pl\/portal\/co-musisz-wiedziec-o-kursie-na-instruktora-nauki-jazdy\/","og_locale":"pl_PL","og_type":"article","og_title":"Co musisz wiedzie\u0107 o Kursie na Instruktora Nauki Jazdy Program Biz.prawko.pl","og_url":"https:\/\/biz.prawko.pl\/portal\/co-musisz-wiedziec-o-kursie-na-instruktora-nauki-jazdy\/","og_site_name":"Program Biz.prawko.pl","article_publisher":"https:\/\/www.facebook.com\/bizprawkopl","article_modified_time":"2021-11-04T22:41:15+00:00","og_image":[{"width":300,"height":300,"url":"https:\/\/biz.prawko.pl\/portal\/wp-content\/uploads\/2021\/04\/bizprawko.jpg","type":"image\/jpeg"}],"twitter_card":"summary_large_image","twitter_misc":{"Szacowany czas czytania":"2 minuty"},"schema":{"@context":"https:\/\/schema.org","@graph":[{"@type":"WebPage","@id":"https:\/\/biz.prawko.pl\/portal\/co-musisz-wiedziec-o-kursie-na-instruktora-nauki-jazdy\/","url":"https:\/\/biz.prawko.pl\/portal\/co-musisz-wiedziec-o-kursie-na-instruktora-nauki-jazdy\/","name":"Co musisz wiedzie\u0107 o Kursie na Instruktora Nauki Jazdy Program Biz.prawko.pl","isPartOf":{"@id":"https:\/\/biz.prawko.pl\/portal\/#website"},"datePublished":"2021-05-25T14:28:51+00:00","dateModified":"2021-11-04T22:41:15+00:00","breadcrumb":{"@id":"https:\/\/biz.prawko.pl\/portal\/co-musisz-wiedziec-o-kursie-na-instruktora-nauki-jazdy\/#breadcrumb"},"inLanguage":"pl-PL","potentialAction":[{"@type":"ReadAction","target":["https:\/\/biz.prawko.pl\/portal\/co-musisz-wiedziec-o-kursie-na-instruktora-nauki-jazdy\/"]}]},{"@type":"BreadcrumbList","@id":"https:\/\/biz.prawko.pl\/portal\/co-musisz-wiedziec-o-kursie-na-instruktora-nauki-jazdy\/#breadcrumb","itemListElement":[{"@type":"ListItem","position":1,"name":"Strona g\u0142\u00f3wna","item":"https:\/\/biz.prawko.pl\/portal\/"},{"@type":"ListItem","position":2,"name":"Co musisz wiedzie\u0107 o Kursie na Instruktora Nauki Jazdy"}]},{"@type":"WebSite","@id":"https:\/\/biz.prawko.pl\/portal\/#website","url":"https:\/\/biz.prawko.pl\/portal\/","name":"Program Biz.prawko.pl","description":"program dla OSK","publisher":{"@id":"https:\/\/biz.prawko.pl\/portal\/#organization"},"potentialAction":[{"@type":"SearchAction","target":{"@type":"EntryPoint","urlTemplate":"https:\/\/biz.prawko.pl\/portal\/?s={search_term_string}"},"query-input":{"@type":"PropertyValueSpecification","valueRequired":true,"valueName":"search_term_string"}}],"inLanguage":"pl-PL"},{"@type":"Organization","@id":"https:\/\/biz.prawko.pl\/portal\/#organization","name":"Biz.prawko.pl","url":"https:\/\/biz.prawko.pl\/portal\/","logo":{"@type":"ImageObject","inLanguage":"pl-PL","@id":"https:\/\/biz.prawko.pl\/portal\/#\/schema\/logo\/image\/","url":"https:\/\/biz.prawko.pl\/portal\/wp-content\/uploads\/2021\/04\/bizprawko.jpg","contentUrl":"https:\/\/biz.prawko.pl\/portal\/wp-content\/uploads\/2021\/04\/bizprawko.jpg","width":300,"height":300,"caption":"Biz.prawko.pl"},"image":{"@id":"https:\/\/biz.prawko.pl\/portal\/#\/schema\/logo\/image\/"},"sameAs":["https:\/\/www.facebook.com\/bizprawkopl","https:\/\/www.youtube.com\/channel\/UC_WQqwrnXJv_p4Gpu-HPa8g"]}]}},"uagb_featured_image_src":{"full":false,"thumbnail":false,"medium":false,"medium_large":false,"large":false,"1536x1536":false,"2048x2048":false,"neve-blog":false},"uagb_author_info":{"display_name":"Krzysztof Syrek","author_link":"https:\/\/biz.prawko.pl\/portal\/blog\/author\/krzysztof-syrek\/"},"uagb_comment_info":0,"uagb_excerpt":null,"coauthors":[],"author_meta":{"author_link":"https:\/\/biz.prawko.pl\/portal\/blog\/author\/krzysztof-syrek\/","display_name":"Krzysztof Syrek"},"relative_dates":{"created":"Posted 5 lat ago","modified":"Updated 4 lata ago"},"absolute_dates":{"created":"Posted on 25 maja 2021","modified":"Updated on 4 listopada 2021"},"absolute_dates_time":{"created":"Posted on 25 maja 2021 16:28","modified":"Updated on 4 listopada 2021 23:41"},"featured_img_caption":"","featured_img":false,"series_order":"","_links":{"self":[{"href":"https:\/\/biz.prawko.pl\/portal\/wp-json\/wp\/v2\/pages\/1473","targetHints":{"allow":["GET"]}}],"collection":[{"href":"https:\/\/biz.prawko.pl\/portal\/wp-json\/wp\/v2\/pages"}],"about":[{"href":"https:\/\/biz.prawko.pl\/portal\/wp-json\/wp\/v2\/types\/page"}],"author":[{"embeddable":true,"href":"https:\/\/biz.prawko.pl\/portal\/wp-json\/wp\/v2\/users\/2"}],"replies":[{"embeddable":true,"href":"https:\/\/biz.prawko.pl\/portal\/wp-json\/wp\/v2\/comments?post=1473"}],"version-history":[{"count":41,"href":"https:\/\/biz.prawko.pl\/portal\/wp-json\/wp\/v2\/pages\/1473\/revisions"}],"predecessor-version":[{"id":2494,"href":"https:\/\/biz.prawko.pl\/portal\/wp-json\/wp\/v2\/pages\/1473\/revisions\/2494"}],"wp:attachment":[{"href":"https:\/\/biz.prawko.pl\/portal\/wp-json\/wp\/v2\/media?parent=1473"}],"curies":[{"name":"wp","href":"https:\/\/api.w.org\/{rel}","templated":true}]}}