{"id":1083,"date":"2021-04-27T15:56:21","date_gmt":"2021-04-27T13:56:21","guid":{"rendered":"https:\/\/biz.prawko.pl\/portal\/?page_id=1083"},"modified":"2022-11-12T17:19:16","modified_gmt":"2022-11-12T16:19:16","slug":"kurs-instruktora-nauki-jazdy","status":"publish","type":"page","link":"https:\/\/biz.prawko.pl\/portal\/kurs-instruktora-nauki-jazdy\/","title":{"rendered":"Kurs Instruktora Nauki Jazdy"},"content":{"rendered":"\n<div style=\"height:100px\" aria-hidden=\"true\" class=\"wp-block-spacer\"><\/div>\n\n\n\n<section class=\"wp-block-uagb-section uagb-section__wrap uagb-section__background-image uagb-block-f7fc7d49\"><div class=\"uagb-section__overlay\"><\/div><div class=\"uagb-section__inner-wrap\">\n<h2 class=\"has-text-align-center wp-block-heading\" id=\"kurs-instruktora-nauki-jazdycena-sugerowana-3600-zl-organizowany-przez-superosk-i-e-kierowce\">Kurs Instruktora Nauki Jazdy<br>cena sugerowana&nbsp;<strong>3600 Z\u0141!<\/strong><br>organizowany przez&nbsp;SuperOSK&nbsp;i e-kierowc\u0119<\/h2>\n\n\n\n<div class=\"wp-block-contact-form-7-contact-form-selector ticss-8d02bc06\"><p class=\"wpcf7-contact-form-not-found\"><strong>B\u0142\u0105d:<\/strong> Brak formularza kontaktowego.<\/p><\/div>\n<\/div><\/section>\n\n\n\n<section class=\"wp-block-uagb-section uagb-section__wrap uagb-section__background-color uagb-block-8c632d43\"><div class=\"uagb-section__overlay\"><\/div><div class=\"uagb-section__inner-wrap\">\n<div class=\"wp-block-columns is-layout-flex wp-container-core-columns-is-layout-9d6595d7 wp-block-columns-is-layout-flex\">\n<div class=\"wp-block-column is-layout-flow wp-block-column-is-layout-flow\">\n<div class=\"wp-block-columns is-layout-flex wp-container-core-columns-is-layout-9d6595d7 wp-block-columns-is-layout-flex\">\n<div class=\"wp-block-column is-layout-flow wp-block-column-is-layout-flow\"><div class=\"wp-block-image\">\n<figure class=\"aligncenter size-large is-resized\"><img loading=\"lazy\" decoding=\"async\" src=\"https:\/\/biz.prawko.pl\/portal\/wp-content\/uploads\/2021\/04\/iconfinder_6_5027877.png\" alt=\"\" class=\"wp-image-1117\" width=\"128\" height=\"128\" srcset=\"https:\/\/biz.prawko.pl\/portal\/wp-content\/uploads\/2021\/04\/iconfinder_6_5027877.png 512w, https:\/\/biz.prawko.pl\/portal\/wp-content\/uploads\/2021\/04\/iconfinder_6_5027877-300x300.png 300w, https:\/\/biz.prawko.pl\/portal\/wp-content\/uploads\/2021\/04\/iconfinder_6_5027877-150x150.png 150w\" sizes=\"auto, (max-width: 128px) 100vw, 128px\" \/><figcaption class=\"wp-element-caption\">teoria przez internet i archiwum wyk\u0142ad\u00f3w<\/figcaption><\/figure>\n<\/div><\/div>\n\n\n\n<div class=\"wp-block-column is-layout-flow wp-block-column-is-layout-flow\"><div class=\"wp-block-image\">\n<figure class=\"aligncenter size-large is-resized\"><img loading=\"lazy\" decoding=\"async\" src=\"https:\/\/biz.prawko.pl\/portal\/wp-content\/uploads\/2021\/04\/iconfinder_37_5027831-1.png\" alt=\"\" class=\"wp-image-1121\" width=\"128\" height=\"128\" srcset=\"https:\/\/biz.prawko.pl\/portal\/wp-content\/uploads\/2021\/04\/iconfinder_37_5027831-1.png 512w, https:\/\/biz.prawko.pl\/portal\/wp-content\/uploads\/2021\/04\/iconfinder_37_5027831-1-300x300.png 300w, https:\/\/biz.prawko.pl\/portal\/wp-content\/uploads\/2021\/04\/iconfinder_37_5027831-1-150x150.png 150w\" sizes=\"auto, (max-width: 128px) 100vw, 128px\" \/><figcaption class=\"wp-element-caption\">praktyka w wybranym OSK<\/figcaption><\/figure>\n<\/div><\/div>\n<\/div>\n<\/div>\n\n\n\n<div class=\"wp-block-column is-layout-flow wp-block-column-is-layout-flow\">\n<div class=\"wp-block-columns is-layout-flex wp-container-core-columns-is-layout-9d6595d7 wp-block-columns-is-layout-flex\">\n<div class=\"wp-block-column is-layout-flow wp-block-column-is-layout-flow\"><div class=\"wp-block-image\">\n<figure class=\"aligncenter size-large is-resized\"><img loading=\"lazy\" decoding=\"async\" src=\"https:\/\/biz.prawko.pl\/portal\/wp-content\/uploads\/2021\/04\/iconfinder_8_5027891.png\" alt=\"\" class=\"wp-image-1119\" width=\"128\" height=\"128\" srcset=\"https:\/\/biz.prawko.pl\/portal\/wp-content\/uploads\/2021\/04\/iconfinder_8_5027891.png 512w, https:\/\/biz.prawko.pl\/portal\/wp-content\/uploads\/2021\/04\/iconfinder_8_5027891-300x300.png 300w, https:\/\/biz.prawko.pl\/portal\/wp-content\/uploads\/2021\/04\/iconfinder_8_5027891-150x150.png 150w\" sizes=\"auto, (max-width: 128px) 100vw, 128px\" \/><figcaption class=\"wp-element-caption\">prawdziwa baza pyta\u0144 i \u0107wicze\u0144<\/figcaption><\/figure>\n<\/div><\/div>\n\n\n\n<div class=\"wp-block-column is-layout-flow wp-block-column-is-layout-flow\"><div class=\"wp-block-image\">\n<figure class=\"aligncenter size-large is-resized\"><img loading=\"lazy\" decoding=\"async\" src=\"https:\/\/biz.prawko.pl\/portal\/wp-content\/uploads\/2021\/04\/iconfinder_57_5027851.png\" alt=\"\" class=\"wp-image-1116\" width=\"128\" height=\"128\" srcset=\"https:\/\/biz.prawko.pl\/portal\/wp-content\/uploads\/2021\/04\/iconfinder_57_5027851.png 512w, https:\/\/biz.prawko.pl\/portal\/wp-content\/uploads\/2021\/04\/iconfinder_57_5027851-300x300.png 300w, https:\/\/biz.prawko.pl\/portal\/wp-content\/uploads\/2021\/04\/iconfinder_57_5027851-150x150.png 150w\" sizes=\"auto, (max-width: 128px) 100vw, 128px\" \/><figcaption class=\"wp-element-caption\">interaktywne wyk\u0142ady on-line transmitowane na \u017cywo<\/figcaption><\/figure>\n<\/div><\/div>\n<\/div>\n<\/div>\n<\/div>\n<\/div><\/section>\n\n\n\n<section class=\"wp-block-uagb-section uagb-section__wrap uagb-section__background-undefined uagb-block-703e64f9\"><div class=\"uagb-section__overlay\"><\/div><div class=\"uagb-section__inner-wrap\">\n<div class=\"wp-block-columns is-layout-flex wp-container-core-columns-is-layout-9d6595d7 wp-block-columns-is-layout-flex\">\n<div class=\"wp-block-column is-layout-flow wp-block-column-is-layout-flow\">\n<h2 class=\"has-text-align-left wp-block-heading\" id=\"z-czego-sklada-sie-praktyka\">Z czego sk\u0142ada si\u0119&nbsp;praktyka?<\/h2>\n\n\n\n<hr class=\"wp-block-separator has-css-opacity\"\/>\n\n\n\n<p><strong>10 godzin:<\/strong>&nbsp;Wyk\u0142adowca pokazuje jak prowadzi\u0107 wyk\u0142ady<\/p>\n\n\n\n<p><strong>5 godzin:&nbsp;<\/strong>Prowadzisz wyk\u0142ady<\/p>\n\n\n\n<p><strong>5 godzin:&nbsp;<\/strong>Pokaz zaj\u0119\u0107 praktycznych<\/p>\n\n\n\n<p><strong>4 godziny:<\/strong>&nbsp;Zaj\u0119cia praktyczne (jazda) je\u017adzisz razem z kandydatem na instruktora lub instruktorem<\/p>\n\n\n\n<p><strong>20 godzin:&nbsp;<\/strong>Bierzesz udzia\u0142 jako obserwator w zaj\u0119ciach teoretycznych z kandydatami na kierowc\u00f3w<\/p>\n\n\n\n<p><strong>30 godzin:<\/strong>&nbsp;Bierzesz udzia\u0142 jako obserwator w zaj\u0119ciach praktycznych z kandydatami na kierowc\u00f3w<\/p>\n\n\n\n<p><strong>10 godzin:<\/strong>&nbsp;Prowadzisz zaj\u0119cia na placu z kandydatem na kierowc\u0119<\/p>\n<\/div>\n\n\n\n<div class=\"wp-block-column is-layout-flow wp-block-column-is-layout-flow\">\n<h3 class=\"wp-block-heading\" id=\"jakie-wymagania-musisz-spelnic-aby-zostac-instruktorem-nauki-jazdy\">Jakie wymagania musisz spe\u0142ni\u0107 aby zosta\u0107 Instruktorem Nauki Jazdy?<\/h3>\n\n\n\n<p id=\"E660\"><strong>Posiada\u0107 prawo jazdy:<\/strong><\/p>\n\n\n\n<ul class=\"wp-block-list\">\n<li>kategorii B co najmniej przez okres&nbsp;<strong>2 lat<\/strong>&nbsp;\u2013 dotyczy instruktor\u00f3w, kt\u00f3rzy uzyskuj\u0105 uprawniania instruktora wy\u0142\u0105cznie w zakresie prawa jazdy kat. B;<\/li>\n\n\n\n<li>kategorii A co najmniej przez okres&nbsp;<strong>2 lat<\/strong>&nbsp;\u2013 dotyczy instruktor\u00f3w, kt\u00f3rzy uzyskuj\u0105 uprawniania instruktora wy\u0142\u0105cznie w zakresie prawa jazdy kat. A;<\/li>\n\n\n\n<li>kategorii T co najmniej przez okres&nbsp;<strong>2 lat<\/strong>&nbsp;\u2013 dotyczy instruktor\u00f3w, kt\u00f3rzy uzyskuj\u0105 uprawniania instruktora wy\u0142\u0105cznie w zakresie prawa jazdy kat. T;<\/li>\n\n\n\n<li>kategorii B+E, C1, C1+E, C, C+E, D1, D1+E, D lub D+E odpowiednio do zakresu prowadzonych zaj\u0119\u0107 co najmniej&nbsp;<strong>przez okres roku<\/strong>&nbsp;oraz co najmniej&nbsp;<strong>3- letnie do\u015bwiadczenie<\/strong>&nbsp;w prowadzeniu szkolenia os\u00f3b ubiegaj\u0105cych si\u0119 o uprawniania do kierowania pojazdami w zakresie prawa jazdy kategorii B \u2013 dotyczy&nbsp;<strong>instruktor\u00f3w rozszerzaj\u0105cych uprawniania<\/strong>&nbsp;do prowadzenia szkolenia o jedn\u0105 z wymienionych kategorii;<\/li>\n<\/ul>\n\n\n\n<p id=\"E684\">Musisz posiada\u0107&nbsp;<strong>wa\u017cne orzeczenie lekarskie<\/strong>&nbsp;o braku przeciwwskaza\u0144 zdrowotnych do wykonywania czynno\u015bci instruktora oraz&nbsp;<strong>wa\u017cne orzeczenie psychologiczne<\/strong>&nbsp;o braku przeciwwskaza\u0144 psychologicznych do wykonywania czynno\u015bci instruktora.<\/p>\n\n\n\n<p id=\"E693\"><strong>Nie by\u0107 nigdy skazanym prawomocnym wyrokiem s\u0105du za:<\/strong><\/p>\n\n\n\n<ul class=\"wp-block-list\">\n<li>przest\u0119pstwo przeciwko bezpiecze\u0144stwu w komunikacji,<\/li>\n\n\n\n<li>przest\u0119pstwo pope\u0142nione w celu osi\u0105gni\u0119cia korzy\u015bci maj\u0105tkowej lub osobistej,<\/li>\n\n\n\n<li>przest\u0119pstwo przeciwko wiarygodno\u015bci dokument\u00f3w,<\/li>\n\n\n\n<li>prowadzenie pojazdu w stanie po u\u017cyciu alkoholu lub w stanie po u\u017cyciu innego podobnie dzia\u0142aj\u0105cego \u015brodka,<\/li>\n\n\n\n<li>przest\u0119pstwo umy\u015blne przeciwko \u017cyciu i zdrowiu,<\/li>\n\n\n\n<li>przest\u0119pstwo przeciwko wolno\u015bci seksualnej i obyczajno\u015bci.<\/li>\n<\/ul>\n<\/div>\n<\/div>\n<\/div><\/section>\n\n\n\n<section class=\"wp-block-uagb-section uagb-section__wrap uagb-section__background-undefined uagb-block-e9eb2b40\"><div class=\"uagb-section__overlay\"><\/div><div class=\"uagb-section__inner-wrap\">\n<div class=\"wp-block-columns is-layout-flex wp-container-core-columns-is-layout-9d6595d7 wp-block-columns-is-layout-flex\">\n<div class=\"wp-block-column is-layout-flow wp-block-column-is-layout-flow\">\n<h2 class=\"has-text-align-center wp-block-heading\" id=\"harmonogram-czesci-teoretycznej-kursu-instruktora-nauki-jazdy\">Harmonogram cz\u0119\u015bci teoretycznej kursu Instruktora Nauki Jazdy<\/h2>\n\n\n<p>[MEC id=&#8221;1327&#8243;]<\/p>\n<\/div>\n<\/div>\n<\/div><\/section>\n","protected":false},"excerpt":{"rendered":"","protected":false},"author":2,"featured_media":0,"parent":0,"menu_order":0,"comment_status":"closed","ping_status":"closed","template":"","meta":{"_coblocks_attr":"","_coblocks_dimensions":"","_coblocks_responsive_height":"","_coblocks_accordion_ie_support":"","_uag_custom_page_level_css":"","advgb_blocks_editor_width":"","advgb_blocks_columns_visual_guide":"","neve_meta_sidebar":"full-width","neve_meta_container":"full-width","neve_meta_enable_content_width":"on","neve_meta_content_width":100,"neve_meta_title_alignment":"","neve_meta_author_avatar":"","neve_post_elements_order":"","neve_meta_disable_header":"","neve_meta_disable_footer":"","neve_meta_disable_title":"on","_themeisle_gutenberg_block_has_review":false,"footnotes":""},"class_list":["post-1083","page","type-page","status-publish","hentry"],"yoast_head":"<!-- This site is optimized with the Yoast SEO plugin v24.7 - https:\/\/yoast.com\/wordpress\/plugins\/seo\/ -->\n<title>Kurs Instruktora Nauki Jazdy Program Biz.prawko.pl<\/title>\n<meta name=\"description\" content=\"Jakie wymagania musisz spe\u0142ni\u0107 aby zosta\u0107 Instruktorem Nauki Jazdy?\" \/>\n<meta name=\"robots\" content=\"index, follow, max-snippet:-1, max-image-preview:large, max-video-preview:-1\" \/>\n<link rel=\"canonical\" href=\"https:\/\/biz.prawko.pl\/portal\/kurs-instruktora-nauki-jazdy\/\" \/>\n<meta property=\"og:locale\" content=\"pl_PL\" \/>\n<meta property=\"og:type\" content=\"article\" \/>\n<meta property=\"og:title\" content=\"Kurs Instruktora Nauki Jazdy Program Biz.prawko.pl\" \/>\n<meta property=\"og:description\" content=\"Jakie wymagania musisz spe\u0142ni\u0107 aby zosta\u0107 Instruktorem Nauki Jazdy?\" \/>\n<meta property=\"og:url\" content=\"https:\/\/biz.prawko.pl\/portal\/kurs-instruktora-nauki-jazdy\/\" \/>\n<meta property=\"og:site_name\" content=\"Program Biz.prawko.pl\" \/>\n<meta property=\"article:publisher\" content=\"https:\/\/www.facebook.com\/bizprawkopl\" \/>\n<meta property=\"article:modified_time\" content=\"2022-11-12T16:19:16+00:00\" \/>\n<meta property=\"og:image\" content=\"https:\/\/biz.prawko.pl\/portal\/wp-content\/uploads\/2021\/04\/iconfinder_6_5027877.png\" \/>\n<meta name=\"twitter:card\" content=\"summary_large_image\" \/>\n<meta name=\"twitter:label1\" content=\"Szacowany czas czytania\" \/>\n\t<meta name=\"twitter:data1\" content=\"3 minuty\" \/>\n<script type=\"application\/ld+json\" class=\"yoast-schema-graph\">{\"@context\":\"https:\/\/schema.org\",\"@graph\":[{\"@type\":\"WebPage\",\"@id\":\"https:\/\/biz.prawko.pl\/portal\/kurs-instruktora-nauki-jazdy\/\",\"url\":\"https:\/\/biz.prawko.pl\/portal\/kurs-instruktora-nauki-jazdy\/\",\"name\":\"Kurs Instruktora Nauki Jazdy Program Biz.prawko.pl\",\"isPartOf\":{\"@id\":\"https:\/\/biz.prawko.pl\/portal\/#website\"},\"primaryImageOfPage\":{\"@id\":\"https:\/\/biz.prawko.pl\/portal\/kurs-instruktora-nauki-jazdy\/#primaryimage\"},\"image\":{\"@id\":\"https:\/\/biz.prawko.pl\/portal\/kurs-instruktora-nauki-jazdy\/#primaryimage\"},\"thumbnailUrl\":\"https:\/\/biz.prawko.pl\/portal\/wp-content\/uploads\/2021\/04\/iconfinder_6_5027877.png\",\"datePublished\":\"2021-04-27T13:56:21+00:00\",\"dateModified\":\"2022-11-12T16:19:16+00:00\",\"description\":\"Jakie wymagania musisz spe\u0142ni\u0107 aby zosta\u0107 Instruktorem Nauki Jazdy?\",\"breadcrumb\":{\"@id\":\"https:\/\/biz.prawko.pl\/portal\/kurs-instruktora-nauki-jazdy\/#breadcrumb\"},\"inLanguage\":\"pl-PL\",\"potentialAction\":[{\"@type\":\"ReadAction\",\"target\":[\"https:\/\/biz.prawko.pl\/portal\/kurs-instruktora-nauki-jazdy\/\"]}]},{\"@type\":\"ImageObject\",\"inLanguage\":\"pl-PL\",\"@id\":\"https:\/\/biz.prawko.pl\/portal\/kurs-instruktora-nauki-jazdy\/#primaryimage\",\"url\":\"https:\/\/biz.prawko.pl\/portal\/wp-content\/uploads\/2021\/04\/iconfinder_6_5027877.png\",\"contentUrl\":\"https:\/\/biz.prawko.pl\/portal\/wp-content\/uploads\/2021\/04\/iconfinder_6_5027877.png\",\"width\":512,\"height\":512},{\"@type\":\"BreadcrumbList\",\"@id\":\"https:\/\/biz.prawko.pl\/portal\/kurs-instruktora-nauki-jazdy\/#breadcrumb\",\"itemListElement\":[{\"@type\":\"ListItem\",\"position\":1,\"name\":\"Strona g\u0142\u00f3wna\",\"item\":\"https:\/\/biz.prawko.pl\/portal\/\"},{\"@type\":\"ListItem\",\"position\":2,\"name\":\"Kurs Instruktora Nauki Jazdy\"}]},{\"@type\":\"WebSite\",\"@id\":\"https:\/\/biz.prawko.pl\/portal\/#website\",\"url\":\"https:\/\/biz.prawko.pl\/portal\/\",\"name\":\"Program Biz.prawko.pl\",\"description\":\"program dla OSK\",\"publisher\":{\"@id\":\"https:\/\/biz.prawko.pl\/portal\/#organization\"},\"potentialAction\":[{\"@type\":\"SearchAction\",\"target\":{\"@type\":\"EntryPoint\",\"urlTemplate\":\"https:\/\/biz.prawko.pl\/portal\/?s={search_term_string}\"},\"query-input\":{\"@type\":\"PropertyValueSpecification\",\"valueRequired\":true,\"valueName\":\"search_term_string\"}}],\"inLanguage\":\"pl-PL\"},{\"@type\":\"Organization\",\"@id\":\"https:\/\/biz.prawko.pl\/portal\/#organization\",\"name\":\"Biz.prawko.pl\",\"url\":\"https:\/\/biz.prawko.pl\/portal\/\",\"logo\":{\"@type\":\"ImageObject\",\"inLanguage\":\"pl-PL\",\"@id\":\"https:\/\/biz.prawko.pl\/portal\/#\/schema\/logo\/image\/\",\"url\":\"https:\/\/biz.prawko.pl\/portal\/wp-content\/uploads\/2021\/04\/bizprawko.jpg\",\"contentUrl\":\"https:\/\/biz.prawko.pl\/portal\/wp-content\/uploads\/2021\/04\/bizprawko.jpg\",\"width\":300,\"height\":300,\"caption\":\"Biz.prawko.pl\"},\"image\":{\"@id\":\"https:\/\/biz.prawko.pl\/portal\/#\/schema\/logo\/image\/\"},\"sameAs\":[\"https:\/\/www.facebook.com\/bizprawkopl\",\"https:\/\/www.youtube.com\/channel\/UC_WQqwrnXJv_p4Gpu-HPa8g\"]}]}<\/script>\n<!-- \/ Yoast SEO plugin. -->","yoast_head_json":{"title":"Kurs Instruktora Nauki Jazdy Program Biz.prawko.pl","description":"Jakie wymagania musisz spe\u0142ni\u0107 aby zosta\u0107 Instruktorem Nauki Jazdy?","robots":{"index":"index","follow":"follow","max-snippet":"max-snippet:-1","max-image-preview":"max-image-preview:large","max-video-preview":"max-video-preview:-1"},"canonical":"https:\/\/biz.prawko.pl\/portal\/kurs-instruktora-nauki-jazdy\/","og_locale":"pl_PL","og_type":"article","og_title":"Kurs Instruktora Nauki Jazdy Program Biz.prawko.pl","og_description":"Jakie wymagania musisz spe\u0142ni\u0107 aby zosta\u0107 Instruktorem Nauki Jazdy?","og_url":"https:\/\/biz.prawko.pl\/portal\/kurs-instruktora-nauki-jazdy\/","og_site_name":"Program Biz.prawko.pl","article_publisher":"https:\/\/www.facebook.com\/bizprawkopl","article_modified_time":"2022-11-12T16:19:16+00:00","og_image":[{"url":"https:\/\/biz.prawko.pl\/portal\/wp-content\/uploads\/2021\/04\/iconfinder_6_5027877.png","type":"","width":"","height":""}],"twitter_card":"summary_large_image","twitter_misc":{"Szacowany czas czytania":"3 minuty"},"schema":{"@context":"https:\/\/schema.org","@graph":[{"@type":"WebPage","@id":"https:\/\/biz.prawko.pl\/portal\/kurs-instruktora-nauki-jazdy\/","url":"https:\/\/biz.prawko.pl\/portal\/kurs-instruktora-nauki-jazdy\/","name":"Kurs Instruktora Nauki Jazdy Program Biz.prawko.pl","isPartOf":{"@id":"https:\/\/biz.prawko.pl\/portal\/#website"},"primaryImageOfPage":{"@id":"https:\/\/biz.prawko.pl\/portal\/kurs-instruktora-nauki-jazdy\/#primaryimage"},"image":{"@id":"https:\/\/biz.prawko.pl\/portal\/kurs-instruktora-nauki-jazdy\/#primaryimage"},"thumbnailUrl":"https:\/\/biz.prawko.pl\/portal\/wp-content\/uploads\/2021\/04\/iconfinder_6_5027877.png","datePublished":"2021-04-27T13:56:21+00:00","dateModified":"2022-11-12T16:19:16+00:00","description":"Jakie wymagania musisz spe\u0142ni\u0107 aby zosta\u0107 Instruktorem Nauki Jazdy?","breadcrumb":{"@id":"https:\/\/biz.prawko.pl\/portal\/kurs-instruktora-nauki-jazdy\/#breadcrumb"},"inLanguage":"pl-PL","potentialAction":[{"@type":"ReadAction","target":["https:\/\/biz.prawko.pl\/portal\/kurs-instruktora-nauki-jazdy\/"]}]},{"@type":"ImageObject","inLanguage":"pl-PL","@id":"https:\/\/biz.prawko.pl\/portal\/kurs-instruktora-nauki-jazdy\/#primaryimage","url":"https:\/\/biz.prawko.pl\/portal\/wp-content\/uploads\/2021\/04\/iconfinder_6_5027877.png","contentUrl":"https:\/\/biz.prawko.pl\/portal\/wp-content\/uploads\/2021\/04\/iconfinder_6_5027877.png","width":512,"height":512},{"@type":"BreadcrumbList","@id":"https:\/\/biz.prawko.pl\/portal\/kurs-instruktora-nauki-jazdy\/#breadcrumb","itemListElement":[{"@type":"ListItem","position":1,"name":"Strona g\u0142\u00f3wna","item":"https:\/\/biz.prawko.pl\/portal\/"},{"@type":"ListItem","position":2,"name":"Kurs Instruktora Nauki Jazdy"}]},{"@type":"WebSite","@id":"https:\/\/biz.prawko.pl\/portal\/#website","url":"https:\/\/biz.prawko.pl\/portal\/","name":"Program Biz.prawko.pl","description":"program dla OSK","publisher":{"@id":"https:\/\/biz.prawko.pl\/portal\/#organization"},"potentialAction":[{"@type":"SearchAction","target":{"@type":"EntryPoint","urlTemplate":"https:\/\/biz.prawko.pl\/portal\/?s={search_term_string}"},"query-input":{"@type":"PropertyValueSpecification","valueRequired":true,"valueName":"search_term_string"}}],"inLanguage":"pl-PL"},{"@type":"Organization","@id":"https:\/\/biz.prawko.pl\/portal\/#organization","name":"Biz.prawko.pl","url":"https:\/\/biz.prawko.pl\/portal\/","logo":{"@type":"ImageObject","inLanguage":"pl-PL","@id":"https:\/\/biz.prawko.pl\/portal\/#\/schema\/logo\/image\/","url":"https:\/\/biz.prawko.pl\/portal\/wp-content\/uploads\/2021\/04\/bizprawko.jpg","contentUrl":"https:\/\/biz.prawko.pl\/portal\/wp-content\/uploads\/2021\/04\/bizprawko.jpg","width":300,"height":300,"caption":"Biz.prawko.pl"},"image":{"@id":"https:\/\/biz.prawko.pl\/portal\/#\/schema\/logo\/image\/"},"sameAs":["https:\/\/www.facebook.com\/bizprawkopl","https:\/\/www.youtube.com\/channel\/UC_WQqwrnXJv_p4Gpu-HPa8g"]}]}},"uagb_featured_image_src":{"full":false,"thumbnail":false,"medium":false,"medium_large":false,"large":false,"1536x1536":false,"2048x2048":false,"neve-blog":false},"uagb_author_info":{"display_name":"Krzysztof Syrek","author_link":"https:\/\/biz.prawko.pl\/portal\/blog\/author\/krzysztof-syrek\/"},"uagb_comment_info":0,"uagb_excerpt":null,"coauthors":[],"author_meta":{"author_link":"https:\/\/biz.prawko.pl\/portal\/blog\/author\/krzysztof-syrek\/","display_name":"Krzysztof Syrek"},"relative_dates":{"created":"Posted 5 lat ago","modified":"Updated 3 lata ago"},"absolute_dates":{"created":"Posted on 27 kwietnia 2021","modified":"Updated on 12 listopada 2022"},"absolute_dates_time":{"created":"Posted on 27 kwietnia 2021 15:56","modified":"Updated on 12 listopada 2022 17:19"},"featured_img_caption":"","featured_img":false,"series_order":"","_links":{"self":[{"href":"https:\/\/biz.prawko.pl\/portal\/wp-json\/wp\/v2\/pages\/1083","targetHints":{"allow":["GET"]}}],"collection":[{"href":"https:\/\/biz.prawko.pl\/portal\/wp-json\/wp\/v2\/pages"}],"about":[{"href":"https:\/\/biz.prawko.pl\/portal\/wp-json\/wp\/v2\/types\/page"}],"author":[{"embeddable":true,"href":"https:\/\/biz.prawko.pl\/portal\/wp-json\/wp\/v2\/users\/2"}],"replies":[{"embeddable":true,"href":"https:\/\/biz.prawko.pl\/portal\/wp-json\/wp\/v2\/comments?post=1083"}],"version-history":[{"count":104,"href":"https:\/\/biz.prawko.pl\/portal\/wp-json\/wp\/v2\/pages\/1083\/revisions"}],"predecessor-version":[{"id":3476,"href":"https:\/\/biz.prawko.pl\/portal\/wp-json\/wp\/v2\/pages\/1083\/revisions\/3476"}],"wp:attachment":[{"href":"https:\/\/biz.prawko.pl\/portal\/wp-json\/wp\/v2\/media?parent=1083"}],"curies":[{"name":"wp","href":"https:\/\/api.w.org\/{rel}","templated":true}]}}